{"id":242,"date":"2020-04-06T21:20:40","date_gmt":"2020-04-06T18:20:40","guid":{"rendered":"https:\/\/luovadigital.com\/?page_id=242"},"modified":"2021-03-09T11:31:24","modified_gmt":"2021-03-09T09:31:24","slug":"yritys","status":"publish","type":"page","link":"https:\/\/luovadigital.com\/en\/company\/","title":{"rendered":"<p>Company<\/p>"},"content":{"rendered":"<div data-elementor-type=\"wp-page\" data-elementor-id=\"242\" class=\"elementor elementor-242\">\n\t\t\t\t\t\t<section class=\"elementor-section elementor-top-section elementor-element elementor-element-e65ba83 elementor-section-full_width elementor-section-height-default elementor-section-height-default\" data-id=\"e65ba83\" data-element_type=\"section\">\n\t\t\t\t\t\t<div class=\"elementor-container elementor-column-gap-no\">\n\t\t\t\t\t<div class=\"elementor-column elementor-col-100 elementor-top-column elementor-element elementor-element-1697057\" data-id=\"1697057\" data-element_type=\"column\" data-settings='{\"background_background\":\"classic\"}'>\n\t\t\t<div class=\"elementor-widget-wrap elementor-element-populated\">\n\t\t\t\t\t\t<div class=\"elementor-element elementor-element-f97dc58 elementor-widget__width-initial animated-slow elementor-invisible elementor-widget elementor-widget-image\" data-id=\"f97dc58\" data-element_type=\"widget\" data-settings='{\"_animation\":\"fadeInRight\"}' data-widget_type=\"image.default\">\n\t\t\t\t<div class=\"elementor-widget-container\">\n\t\t\t\t\t\t\t\t\t\t\t\t\t<img decoding=\"async\" width=\"12\" height=\"36\" src=\"https:\/\/luovadigital.com\/wp-content\/uploads\/2020\/04\/company_text.svg\" class=\"attachment-large size-large wp-image-371\" alt=\"\">\t\t\t\t\t\t\t\t\t\t\t\t\t<\/div>\n\t\t\t\t<\/div>\n\t\t\t\t\t<\/div>\n\t\t<\/div>\n\t\t\t\t\t<\/div>\n\t\t<\/section>\n\t\t\t\t<section class=\"elementor-section elementor-top-section elementor-element elementor-element-a5998f3 elementor-section-height-min-height elementor-section-boxed elementor-section-height-default elementor-section-items-middle\" data-id=\"a5998f3\" data-element_type=\"section\">\n\t\t\t\t\t\t<div class=\"elementor-container elementor-column-gap-narrow\">\n\t\t\t\t\t<div class=\"elementor-column elementor-col-50 elementor-top-column elementor-element elementor-element-a7fe398\" data-id=\"a7fe398\" data-element_type=\"column\">\n\t\t\t<div class=\"elementor-widget-wrap elementor-element-populated\">\n\t\t\t\t\t\t<div class=\"elementor-element elementor-element-a6462fa elementor-invisible elementor-widget elementor-widget-image\" data-id=\"a6462fa\" data-element_type=\"widget\" data-settings='{\"_animation\":\"zoomIn\"}' data-widget_type=\"image.default\">\n\t\t\t\t<div class=\"elementor-widget-container\">\n\t\t\t\t\t\t\t\t\t\t\t\t\t<img decoding=\"async\" src=\"https:\/\/luovadigital.com\/wp-content\/uploads\/2020\/04\/de_pallura_uus.svg\" title=\"de_pallura_uus\" alt=\"de_pallura_uus\" loading=\"lazy\">\t\t\t\t\t\t\t\t\t\t\t\t\t<\/div>\n\t\t\t\t<\/div>\n\t\t\t\t\t<\/div>\n\t\t<\/div>\n\t\t\t\t<div class=\"elementor-column elementor-col-50 elementor-top-column elementor-element elementor-element-30940d1\" data-id=\"30940d1\" data-element_type=\"column\">\n\t\t\t<div class=\"elementor-widget-wrap elementor-element-populated\">\n\t\t\t\t\t\t<div class=\"elementor-element elementor-element-5586d14 elementor-invisible elementor-widget elementor-widget-image\" data-id=\"5586d14\" data-element_type=\"widget\" data-settings='{\"_animation\":\"zoomIn\",\"_animation_delay\":400}' data-widget_type=\"image.default\">\n\t\t\t\t<div class=\"elementor-widget-container\">\n\t\t\t\t\t\t\t\t\t\t\t\t\t<img decoding=\"async\" src=\"https:\/\/luovadigital.com\/wp-content\/uploads\/elementor\/thumbs\/yritys_2_new_3-pcrptwxtrr0xelsh0iyi83nktvuvtw3gohtucdg34i.jpg\" title=\"yritys_2_new_3.jpg\" alt=\"yritys_2_new_3.jpg\" loading=\"lazy\">\t\t\t\t\t\t\t\t\t\t\t\t\t<\/div>\n\t\t\t\t<\/div>\n\t\t\t\t\t<\/div>\n\t\t<\/div>\n\t\t\t\t\t<\/div>\n\t\t<\/section>\n\t\t\t\t<section class=\"elementor-section elementor-top-section elementor-element elementor-element-86a8551 animated-fast elementor-section-content-middle elementor-section-boxed elementor-section-height-default elementor-section-height-default elementor-invisible\" data-id=\"86a8551\" data-element_type=\"section\" data-settings='{\"background_background\":\"classic\",\"animation\":\"fadeInDown\",\"shape_divider_top\":\"tilt\",\"animation_tablet\":\"none\",\"animation_mobile\":\"none\"}'>\n\t\t\t\t\t\t\t<div class=\"elementor-background-overlay\"><\/div>\n\t\t\t\t\t\t<div class=\"elementor-shape elementor-shape-top\" data-negative=\"false\">\n\t\t\t<svg xmlns=\"http:\/\/www.w3.org\/2000\/svg\" viewbox=\"0 0 1000 100\" preserveaspectratio=\"none\">\n\t<path class=\"elementor-shape-fill\" d=\"M0,6V0h1000v100L0,6z\"><\/path>\n<\/svg>\t\t<\/div>\n\t\t\t\t\t<div class=\"elementor-container elementor-column-gap-no\">\n\t\t\t\t\t<div class=\"elementor-column elementor-col-100 elementor-top-column elementor-element elementor-element-abd1a92\" data-id=\"abd1a92\" data-element_type=\"column\">\n\t\t\t<div class=\"elementor-widget-wrap elementor-element-populated\">\n\t\t\t\t\t\t<div class=\"elementor-element elementor-element-30b50bc elementor-widget__width-initial elementor-widget-mobile__width-initial elementor-widget elementor-widget-heading\" data-id=\"30b50bc\" data-element_type=\"widget\" data-widget_type=\"heading.default\">\n\t\t\t\t<div class=\"elementor-widget-container\">\n\t\t\t<h2 class=\"elementor-heading-title elementor-size-default\">Luova Digital<\/h2>\t\t<\/div>\n\t\t\t\t<\/div>\n\t\t\t\t\t<\/div>\n\t\t<\/div>\n\t\t\t\t\t<\/div>\n\t\t<\/section>\n\t\t\t\t<section class=\"elementor-section elementor-top-section elementor-element elementor-element-097df14 animated-fast elementor-section-height-min-height elementor-section-content-middle elementor-section-full_width elementor-section-height-default elementor-section-items-middle elementor-invisible\" data-id=\"097df14\" data-element_type=\"section\" data-settings='{\"background_background\":\"classic\",\"animation\":\"fadeInDown\",\"animation_tablet\":\"none\",\"animation_mobile\":\"none\"}'>\n\t\t\t\t\t\t\t<div class=\"elementor-background-overlay\"><\/div>\n\t\t\t\t\t\t\t<div class=\"elementor-container elementor-column-gap-no\">\n\t\t\t\t\t<div class=\"elementor-column elementor-col-100 elementor-top-column elementor-element elementor-element-8955e1b\" data-id=\"8955e1b\" data-element_type=\"column\">\n\t\t\t<div class=\"elementor-widget-wrap elementor-element-populated\">\n\t\t\t\t\t\t<div class=\"elementor-element elementor-element-db592bd elementor-widget__width-initial elementor-widget-mobile__width-inherit elementor-widget elementor-widget-text-editor\" data-id=\"db592bd\" data-element_type=\"widget\" data-widget_type=\"text-editor.default\">\n\t\t\t\t<div class=\"elementor-widget-container\">\n\t\t\t\t\t\t\t<p>So, why choose Luova Digital? In Finland, there are many large advertising agencies that work with big international brands and make high-quality design. Nevertheless, they are not very flexible or quick in their design process. There are also many small and agile freelancers working in marketing. Then again, they commonly have very limited experience on international brands and more complicated design projects.<\/p><p>Luova Digital is between these options. It\u2019s small and flexible, yet there is plenty of design know-how and experience of working with large international brands and projects. Luova Visual offers you high-quality design with flexible and personal service. No matter how large or small a client is they deserve service tailored to their needs.&nbsp;<\/p><p>My name is Kim Takala and I\u2019m the founder of Luova Digital. I have experience in working with large international advertising agencies and smaller local agencies. In addition, I have worked as a marketing director and consultant. I\u2019ve designed for brands like <strong>Coca-Cola, Fiskars, Ruukki, Nokia, British Airways, Opel, Mercedes Bentz, Microsoft, Aurinkomatkat, Dansukker, Kalevala Koru, Area, Roosanauha, Lufthansa, Maggi.<\/strong> I\u2019ve also designed for many smaller local companies.<\/p><p>Choose Luova Digital and all of my experience and expertise is at your service. <strong>Nostetaan yhteisty&ouml;ss&auml; br&auml;ndisi uudelle tasolle!<\/strong><\/p>\t\t\t\t\t\t<\/div>\n\t\t\t\t<\/div>\n\t\t\t\t\t<\/div>\n\t\t<\/div>\n\t\t\t\t\t<\/div>\n\t\t<\/section>\n\t\t\t\t<section class=\"elementor-section elementor-top-section elementor-element elementor-element-3656153 elementor-section-boxed elementor-section-height-default elementor-section-height-default\" data-id=\"3656153\" data-element_type=\"section\" data-settings='{\"background_background\":\"classic\",\"animation\":\"none\"}'>\n\t\t\t\t\t\t\t<div class=\"elementor-background-overlay\"><\/div>\n\t\t\t\t\t\t\t<div class=\"elementor-container elementor-column-gap-default\">\n\t\t\t\t\t<div class=\"elementor-column elementor-col-100 elementor-top-column elementor-element elementor-element-07f03e8\" data-id=\"07f03e8\" data-element_type=\"column\">\n\t\t\t<div class=\"elementor-widget-wrap elementor-element-populated\">\n\t\t\t\t\t\t<div class=\"elementor-element elementor-element-33df307 elementor-widget elementor-widget-image\" data-id=\"33df307\" data-element_type=\"widget\" data-widget_type=\"image.default\">\n\t\t\t\t<div class=\"elementor-widget-container\">\n\t\t\t\t\t\t\t\t\t\t\t\t\t<img decoding=\"async\" src=\"https:\/\/luovadigital.com\/wp-content\/uploads\/elementor\/thumbs\/nimmari-pcrptwxt4y1alyrjkn3tlqp48455hgbyh8skoyp7o0.png\" title=\"nimmari.png\" alt=\"nimmari.png\" loading=\"lazy\">\t\t\t\t\t\t\t\t\t\t\t\t\t<\/div>\n\t\t\t\t<\/div>\n\t\t\t\t<div class=\"elementor-element elementor-element-6f0d2e9 elementor-widget elementor-widget-text-editor\" data-id=\"6f0d2e9\" data-element_type=\"widget\" data-widget_type=\"text-editor.default\">\n\t\t\t\t<div class=\"elementor-widget-container\">\n\t\t\t\t\t\t\t<p><strong>Kim Takala<\/strong><br>Visual Designer<\/p>\t\t\t\t\t\t<\/div>\n\t\t\t\t<\/div>\n\t\t\t\t\t<\/div>\n\t\t<\/div>\n\t\t\t\t\t<\/div>\n\t\t<\/section>\n\t\t\t\t<section class=\"elementor-section elementor-top-section elementor-element elementor-element-148fd19 elementor-section-boxed elementor-section-height-default elementor-section-height-default\" data-id=\"148fd19\" data-element_type=\"section\" data-settings='{\"background_background\":\"classic\"}'>\n\t\t\t\t\t\t<div class=\"elementor-container elementor-column-gap-default\">\n\t\t\t\t\t<div class=\"elementor-column elementor-col-100 elementor-top-column elementor-element elementor-element-fa99dcc\" data-id=\"fa99dcc\" data-element_type=\"column\">\n\t\t\t<div class=\"elementor-widget-wrap elementor-element-populated\">\n\t\t\t\t\t\t<section class=\"elementor-section elementor-inner-section elementor-element elementor-element-af54d39 elementor-section-height-min-height elementor-section-content-middle elementor-section-boxed elementor-section-height-default\" data-id=\"af54d39\" data-element_type=\"section\">\n\t\t\t\t\t\t<div class=\"elementor-container elementor-column-gap-default\">\n\t\t\t\t\t<div class=\"elementor-column elementor-col-100 elementor-inner-column elementor-element elementor-element-e35aeb3\" data-id=\"e35aeb3\" data-element_type=\"column\">\n\t\t\t<div class=\"elementor-widget-wrap elementor-element-populated\">\n\t\t\t\t\t\t<div class=\"elementor-element elementor-element-1b97582 elementor-align-center elementor-widget elementor-widget-button\" data-id=\"1b97582\" data-element_type=\"widget\" data-widget_type=\"button.default\">\n\t\t\t\t<div class=\"elementor-widget-container\">\n\t\t\t\t\t<div class=\"elementor-button-wrapper\">\n\t\t\t<a class=\"elementor-button elementor-button-link elementor-size-md\" href=\"https:\/\/luovadigital.com\/en\/contact\/\">\n\t\t\t\t\t\t<span class=\"elementor-button-content-wrapper\">\n\t\t\t\t\t\t<span class=\"elementor-button-text\">Contact<\/span>\n\t\t<\/span>\n\t\t\t\t\t<\/a>\n\t\t<\/div>\n\t\t\t\t<\/div>\n\t\t\t\t<\/div>\n\t\t\t\t\t<\/div>\n\t\t<\/div>\n\t\t\t\t\t<\/div>\n\t\t<\/section>\n\t\t\t\t\t<\/div>\n\t\t<\/div>\n\t\t\t\t\t<\/div>\n\t\t<\/section>\n\t\t\t\t<\/div>","protected":false},"excerpt":{"rendered":"<p>Luova Digital Miksi valita Luova Digital? Suomessakin toimii useita isoja mainostoimistoketjuja, joilla on kokemusta isojen kansainv&auml;listen br&auml;ndien kanssa ty&ouml;skentelyst&auml; ja korkealaatuisen suunnitteluty&ouml;n tekemisest&auml;. Ne eiv&auml;t kuitenkaan ole kovin joustavia tai nopeita suunnitteluprosesseissaan. Toisaalta markkinoilla on paljon pieni&auml; ja ketteri&auml; alan freelancer-toimijoita. On kuitenkin melko yleist&auml;, ett&auml; niill&auml; ei l&ouml;ydy kokemusta kansainv&auml;lisist&auml; br&auml;ndeist&auml; tai monimutkaisemmista suunnitteluprojekteista. [&hellip;]<\/p>","protected":false},"author":1,"featured_media":0,"parent":0,"menu_order":0,"comment_status":"closed","ping_status":"closed","template":"elementor_header_footer","meta":{"footnotes":""},"yoast_head":"<!-- This site is optimized with the Yoast SEO plugin v22.0 - https:\/\/yoast.com\/wordpress\/plugins\/seo\/ -->\n<title>Yritys - Luova Digital<\/title>\n<meta name=\"robots\" content=\"index, follow, max-snippet:-1, max-image-preview:large, max-video-preview:-1\" \/>\n<link rel=\"canonical\" href=\"https:\/\/luovadigital.com\/en\/company\/\" \/>\n<meta property=\"og:locale\" content=\"en_US\" \/>\n<meta property=\"og:type\" content=\"article\" \/>\n<meta property=\"og:title\" content=\"Yritys - Luova Digital\" \/>\n<meta property=\"og:description\" content=\"Luova Digital Miksi valita Luova Digital? Suomessakin toimii useita isoja mainostoimistoketjuja, joilla on kokemusta isojen kansainv\u00e4listen br\u00e4ndien kanssa ty\u00f6skentelyst\u00e4 ja korkealaatuisen suunnitteluty\u00f6n tekemisest\u00e4. Ne eiv\u00e4t kuitenkaan ole kovin joustavia tai nopeita suunnitteluprosesseissaan. Toisaalta markkinoilla on paljon pieni\u00e4 ja ketteri\u00e4 alan freelancer-toimijoita. On kuitenkin melko yleist\u00e4, ett\u00e4 niill\u00e4 ei l\u00f6ydy kokemusta kansainv\u00e4lisist\u00e4 br\u00e4ndeist\u00e4 tai monimutkaisemmista suunnitteluprojekteista. [&hellip;]\" \/>\n<meta property=\"og:url\" content=\"https:\/\/luovadigital.com\/en\/company\/\" \/>\n<meta property=\"og:site_name\" content=\"Luova Digital\" \/>\n<meta property=\"article:modified_time\" content=\"2021-03-09T09:31:24+00:00\" \/>\n<meta property=\"og:image\" content=\"https:\/\/luovadigital.com\/wp-content\/uploads\/2020\/04\/yrtitys_teksti_2.svg\" \/>\n<meta name=\"twitter:card\" content=\"summary_large_image\" \/>\n<meta name=\"twitter:label1\" content=\"Est. reading time\" \/>\n\t<meta name=\"twitter:data1\" content=\"1 minute\" \/>\n<script type=\"application\/ld+json\" class=\"yoast-schema-graph\">{\"@context\":\"https:\/\/schema.org\",\"@graph\":[{\"@type\":\"WebPage\",\"@id\":\"https:\/\/luovadigital.com\/yritys\/\",\"url\":\"https:\/\/luovadigital.com\/yritys\/\",\"name\":\"Yritys - Luova Digital\",\"isPartOf\":{\"@id\":\"https:\/\/luovadigital.com\/#website\"},\"datePublished\":\"2020-04-06T18:20:40+00:00\",\"dateModified\":\"2021-03-09T09:31:24+00:00\",\"breadcrumb\":{\"@id\":\"https:\/\/luovadigital.com\/yritys\/#breadcrumb\"},\"inLanguage\":\"en-US\",\"potentialAction\":[{\"@type\":\"ReadAction\",\"target\":[\"https:\/\/luovadigital.com\/yritys\/\"]}]},{\"@type\":\"BreadcrumbList\",\"@id\":\"https:\/\/luovadigital.com\/yritys\/#breadcrumb\",\"itemListElement\":[{\"@type\":\"ListItem\",\"position\":1,\"name\":\"Home\",\"item\":\"https:\/\/luovadigital.com\/\"},{\"@type\":\"ListItem\",\"position\":2,\"name\":\"Yritys\"}]},{\"@type\":\"WebSite\",\"@id\":\"https:\/\/luovadigital.com\/#website\",\"url\":\"https:\/\/luovadigital.com\/\",\"name\":\"Luova Digital\",\"description\":\"\",\"potentialAction\":[{\"@type\":\"SearchAction\",\"target\":{\"@type\":\"EntryPoint\",\"urlTemplate\":\"https:\/\/luovadigital.com\/?s={search_term_string}\"},\"query-input\":\"required name=search_term_string\"}],\"inLanguage\":\"en-US\"}]}<\/script>\n<!-- \/ Yoast SEO plugin. -->","yoast_head_json":{"title":"Yritys - Luova Digital","robots":{"index":"index","follow":"follow","max-snippet":"max-snippet:-1","max-image-preview":"max-image-preview:large","max-video-preview":"max-video-preview:-1"},"canonical":"https:\/\/luovadigital.com\/en\/company\/","og_locale":"en_US","og_type":"article","og_title":"Yritys - Luova Digital","og_description":"Luova Digital Miksi valita Luova Digital? Suomessakin toimii useita isoja mainostoimistoketjuja, joilla on kokemusta isojen kansainv\u00e4listen br\u00e4ndien kanssa ty\u00f6skentelyst\u00e4 ja korkealaatuisen suunnitteluty\u00f6n tekemisest\u00e4. Ne eiv\u00e4t kuitenkaan ole kovin joustavia tai nopeita suunnitteluprosesseissaan. Toisaalta markkinoilla on paljon pieni\u00e4 ja ketteri\u00e4 alan freelancer-toimijoita. On kuitenkin melko yleist\u00e4, ett\u00e4 niill\u00e4 ei l\u00f6ydy kokemusta kansainv\u00e4lisist\u00e4 br\u00e4ndeist\u00e4 tai monimutkaisemmista suunnitteluprojekteista. [&hellip;]","og_url":"https:\/\/luovadigital.com\/en\/company\/","og_site_name":"Luova Digital","article_modified_time":"2021-03-09T09:31:24+00:00","og_image":[{"url":"https:\/\/luovadigital.com\/wp-content\/uploads\/2020\/04\/yrtitys_teksti_2.svg"}],"twitter_card":"summary_large_image","twitter_misc":{"Est. reading time":"1 minute"},"schema":{"@context":"https:\/\/schema.org","@graph":[{"@type":"WebPage","@id":"https:\/\/luovadigital.com\/yritys\/","url":"https:\/\/luovadigital.com\/yritys\/","name":"Yritys - Luova Digital","isPartOf":{"@id":"https:\/\/luovadigital.com\/#website"},"datePublished":"2020-04-06T18:20:40+00:00","dateModified":"2021-03-09T09:31:24+00:00","breadcrumb":{"@id":"https:\/\/luovadigital.com\/yritys\/#breadcrumb"},"inLanguage":"en-US","potentialAction":[{"@type":"ReadAction","target":["https:\/\/luovadigital.com\/yritys\/"]}]},{"@type":"BreadcrumbList","@id":"https:\/\/luovadigital.com\/yritys\/#breadcrumb","itemListElement":[{"@type":"ListItem","position":1,"name":"Home","item":"https:\/\/luovadigital.com\/"},{"@type":"ListItem","position":2,"name":"Yritys"}]},{"@type":"WebSite","@id":"https:\/\/luovadigital.com\/#website","url":"https:\/\/luovadigital.com\/","name":"Luova Digital","description":"","potentialAction":[{"@type":"SearchAction","target":{"@type":"EntryPoint","urlTemplate":"https:\/\/luovadigital.com\/?s={search_term_string}"},"query-input":"required name=search_term_string"}],"inLanguage":"en-US"}]}},"_links":{"self":[{"href":"https:\/\/luovadigital.com\/en\/wp-json\/wp\/v2\/pages\/242"}],"collection":[{"href":"https:\/\/luovadigital.com\/en\/wp-json\/wp\/v2\/pages"}],"about":[{"href":"https:\/\/luovadigital.com\/en\/wp-json\/wp\/v2\/types\/page"}],"author":[{"embeddable":true,"href":"https:\/\/luovadigital.com\/en\/wp-json\/wp\/v2\/users\/1"}],"replies":[{"embeddable":true,"href":"https:\/\/luovadigital.com\/en\/wp-json\/wp\/v2\/comments?post=242"}],"version-history":[{"count":74,"href":"https:\/\/luovadigital.com\/en\/wp-json\/wp\/v2\/pages\/242\/revisions"}],"predecessor-version":[{"id":567,"href":"https:\/\/luovadigital.com\/en\/wp-json\/wp\/v2\/pages\/242\/revisions\/567"}],"wp:attachment":[{"href":"https:\/\/luovadigital.com\/en\/wp-json\/wp\/v2\/media?parent=242"}],"curies":[{"name":"wp","href":"https:\/\/api.w.org\/{rel}","templated":true}]}}