{"id":373,"date":"2020-04-07T16:53:38","date_gmt":"2020-04-07T13:53:38","guid":{"rendered":"https:\/\/luovadigital.com\/?page_id=373"},"modified":"2021-03-09T11:31:24","modified_gmt":"2021-03-09T09:31:24","slug":"palvelut","status":"publish","type":"page","link":"https:\/\/luovadigital.com\/en\/services\/","title":{"rendered":"<p>Services<\/p>"},"content":{"rendered":"<div data-elementor-type=\"wp-page\" data-elementor-id=\"373\" class=\"elementor elementor-373\">\n\t\t\t\t\t\t<section class=\"elementor-section elementor-top-section elementor-element elementor-element-8a63ddf elementor-section-full_width elementor-section-height-default elementor-section-height-default\" data-id=\"8a63ddf\" data-element_type=\"section\" data-settings='{\"background_background\":\"classic\"}'>\n\t\t\t\t\t\t<div class=\"elementor-container elementor-column-gap-no\">\n\t\t\t\t\t<div class=\"elementor-column elementor-col-100 elementor-top-column elementor-element elementor-element-9e81e04\" data-id=\"9e81e04\" data-element_type=\"column\" data-settings='{\"background_background\":\"classic\"}'>\n\t\t\t<div class=\"elementor-widget-wrap elementor-element-populated\">\n\t\t\t\t\t\t<div class=\"elementor-element elementor-element-17b4638 elementor-widget__width-initial animated-slow elementor-invisible elementor-widget elementor-widget-image\" data-id=\"17b4638\" data-element_type=\"widget\" data-settings='{\"_animation\":\"fadeInRight\"}' data-widget_type=\"image.default\">\n\t\t\t\t<div class=\"elementor-widget-container\">\n\t\t\t\t\t\t\t\t\t\t\t\t\t<img decoding=\"async\" width=\"9\" height=\"51\" src=\"https:\/\/luovadigital.com\/wp-content\/uploads\/2020\/04\/services_text.svg\" class=\"attachment-large size-large wp-image-392\" alt=\"\">\t\t\t\t\t\t\t\t\t\t\t\t\t<\/div>\n\t\t\t\t<\/div>\n\t\t\t\t\t<\/div>\n\t\t<\/div>\n\t\t\t\t\t<\/div>\n\t\t<\/section>\n\t\t\t\t<section class=\"elementor-section elementor-top-section elementor-element elementor-element-d0b9d0c elementor-section-boxed elementor-section-height-default elementor-section-height-default elementor-invisible\" data-id=\"d0b9d0c\" data-element_type=\"section\" data-settings='{\"background_background\":\"classic\",\"animation\":\"fadeInDown\"}'>\n\t\t\t\t\t\t\t<div class=\"elementor-background-overlay\"><\/div>\n\t\t\t\t\t\t\t<div class=\"elementor-container elementor-column-gap-default\">\n\t\t\t\t\t<div class=\"elementor-column elementor-col-50 elementor-top-column elementor-element elementor-element-cb5ce8e\" data-id=\"cb5ce8e\" data-element_type=\"column\">\n\t\t\t<div class=\"elementor-widget-wrap elementor-element-populated\">\n\t\t\t\t\t\t<div class=\"elementor-element elementor-element-1497ede elementor-widget elementor-widget-image\" data-id=\"1497ede\" data-element_type=\"widget\" data-widget_type=\"image.default\">\n\t\t\t\t<div class=\"elementor-widget-container\">\n\t\t\t\t\t\t\t\t\t\t\t\t\t<img fetchpriority=\"high\" decoding=\"async\" width=\"600\" height=\"250\" src=\"https:\/\/luovadigital.com\/wp-content\/uploads\/2020\/04\/services_LV_corporate_5.jpg\" class=\"attachment-large size-large wp-image-376\" alt=\"\" srcset=\"https:\/\/luovadigital.com\/wp-content\/uploads\/2020\/04\/services_LV_corporate_5.jpg 600w, https:\/\/luovadigital.com\/wp-content\/uploads\/2020\/04\/services_LV_corporate_5-300x125.jpg 300w\" sizes=\"(max-width: 600px) 100vw, 600px\">\t\t\t\t\t\t\t\t\t\t\t\t\t<\/div>\n\t\t\t\t<\/div>\n\t\t\t\t<div class=\"elementor-element elementor-element-bd289dd elementor-widget elementor-widget-heading\" data-id=\"bd289dd\" data-element_type=\"widget\" data-widget_type=\"heading.default\">\n\t\t\t\t<div class=\"elementor-widget-container\">\n\t\t\t<h2 class=\"elementor-heading-title elementor-size-default\">CORPORATE IDENTITY<\/h2>\t\t<\/div>\n\t\t\t\t<\/div>\n\t\t\t\t<div class=\"elementor-element elementor-element-b2a985d elementor-widget-divider--view-line elementor-widget elementor-widget-divider\" data-id=\"b2a985d\" data-element_type=\"widget\" data-widget_type=\"divider.default\">\n\t\t\t\t<div class=\"elementor-widget-container\">\n\t\t\t\t\t<div class=\"elementor-divider\">\n\t\t\t<span class=\"elementor-divider-separator\">\n\t\t\t\t\t\t<\/span>\n\t\t<\/div>\n\t\t\t\t<\/div>\n\t\t\t\t<\/div>\n\t\t\t\t<div class=\"elementor-element elementor-element-a650dad elementor-widget elementor-widget-text-editor\" data-id=\"a650dad\" data-element_type=\"widget\" data-widget_type=\"text-editor.default\">\n\t\t\t\t<div class=\"elementor-widget-container\">\n\t\t\t\t\t\t\t<p>Need a new logo for your company? Or a complete rebranding of the corporate identity? From large to small projects Luova Digital is at your service. Our services include logo &amp; identity, typography, color schemes and Brand guidelines.<\/p>\t\t\t\t\t\t<\/div>\n\t\t\t\t<\/div>\n\t\t\t\t\t<\/div>\n\t\t<\/div>\n\t\t\t\t<div class=\"elementor-column elementor-col-50 elementor-top-column elementor-element elementor-element-cd869b5\" data-id=\"cd869b5\" data-element_type=\"column\">\n\t\t\t<div class=\"elementor-widget-wrap elementor-element-populated\">\n\t\t\t\t\t\t<div class=\"elementor-element elementor-element-5027f86 elementor-widget elementor-widget-image\" data-id=\"5027f86\" data-element_type=\"widget\" data-widget_type=\"image.default\">\n\t\t\t\t<div class=\"elementor-widget-container\">\n\t\t\t\t\t\t\t\t\t\t\t\t\t<img decoding=\"async\" width=\"600\" height=\"250\" src=\"https:\/\/luovadigital.com\/wp-content\/uploads\/2020\/04\/services_yritysvideo_2.jpg\" class=\"attachment-large size-large wp-image-377\" alt=\"\" srcset=\"https:\/\/luovadigital.com\/wp-content\/uploads\/2020\/04\/services_yritysvideo_2.jpg 600w, https:\/\/luovadigital.com\/wp-content\/uploads\/2020\/04\/services_yritysvideo_2-300x125.jpg 300w\" sizes=\"(max-width: 600px) 100vw, 600px\">\t\t\t\t\t\t\t\t\t\t\t\t\t<\/div>\n\t\t\t\t<\/div>\n\t\t\t\t<div class=\"elementor-element elementor-element-f7c1fd8 elementor-widget elementor-widget-heading\" data-id=\"f7c1fd8\" data-element_type=\"widget\" data-widget_type=\"heading.default\">\n\t\t\t\t<div class=\"elementor-widget-container\">\n\t\t\t<h2 class=\"elementor-heading-title elementor-size-default\">CORPORATE VIDEOS<\/h2>\t\t<\/div>\n\t\t\t\t<\/div>\n\t\t\t\t<div class=\"elementor-element elementor-element-d61cd36 elementor-widget-divider--view-line elementor-widget elementor-widget-divider\" data-id=\"d61cd36\" data-element_type=\"widget\" data-widget_type=\"divider.default\">\n\t\t\t\t<div class=\"elementor-widget-container\">\n\t\t\t\t\t<div class=\"elementor-divider\">\n\t\t\t<span class=\"elementor-divider-separator\">\n\t\t\t\t\t\t<\/span>\n\t\t<\/div>\n\t\t\t\t<\/div>\n\t\t\t\t<\/div>\n\t\t\t\t<div class=\"elementor-element elementor-element-9e3e283 elementor-widget elementor-widget-text-editor\" data-id=\"9e3e283\" data-element_type=\"widget\" data-widget_type=\"text-editor.default\">\n\t\t\t\t<div class=\"elementor-widget-container\">\n\t\t\t\t\t\t\t<p>Fed up with ordinary presentations? How about having a corporate video that tells the story of your brand in a modern way? Let\u2019s start designing a unique and interesting corporate video for your brand today.<\/p>\t\t\t\t\t\t<\/div>\n\t\t\t\t<\/div>\n\t\t\t\t\t<\/div>\n\t\t<\/div>\n\t\t\t\t\t<\/div>\n\t\t<\/section>\n\t\t\t\t<section class=\"elementor-section elementor-top-section elementor-element elementor-element-7e17f55 elementor-section-boxed elementor-section-height-default elementor-section-height-default\" data-id=\"7e17f55\" data-element_type=\"section\" data-settings='{\"background_background\":\"classic\",\"animation\":\"none\"}'>\n\t\t\t\t\t\t<div class=\"elementor-container elementor-column-gap-default\">\n\t\t\t\t\t<div class=\"elementor-column elementor-col-50 elementor-top-column elementor-element elementor-element-8c50e1c\" data-id=\"8c50e1c\" data-element_type=\"column\">\n\t\t\t<div class=\"elementor-widget-wrap elementor-element-populated\">\n\t\t\t\t\t\t<div class=\"elementor-element elementor-element-5d90794 elementor-widget elementor-widget-image\" data-id=\"5d90794\" data-element_type=\"widget\" data-widget_type=\"image.default\">\n\t\t\t\t<div class=\"elementor-widget-container\">\n\t\t\t\t\t\t\t\t\t\t\t\t\t<img loading=\"lazy\" decoding=\"async\" width=\"600\" height=\"250\" src=\"https:\/\/luovadigital.com\/wp-content\/uploads\/2020\/04\/services_LV_motion.jpg\" class=\"attachment-large size-large wp-image-378\" alt=\"\" srcset=\"https:\/\/luovadigital.com\/wp-content\/uploads\/2020\/04\/services_LV_motion.jpg 600w, https:\/\/luovadigital.com\/wp-content\/uploads\/2020\/04\/services_LV_motion-300x125.jpg 300w\" sizes=\"(max-width: 600px) 100vw, 600px\">\t\t\t\t\t\t\t\t\t\t\t\t\t<\/div>\n\t\t\t\t<\/div>\n\t\t\t\t<div class=\"elementor-element elementor-element-7515036 elementor-widget elementor-widget-heading\" data-id=\"7515036\" data-element_type=\"widget\" data-widget_type=\"heading.default\">\n\t\t\t\t<div class=\"elementor-widget-container\">\n\t\t\t<h2 class=\"elementor-heading-title elementor-size-default\">MOTION GRAPHICS<\/h2>\t\t<\/div>\n\t\t\t\t<\/div>\n\t\t\t\t<div class=\"elementor-element elementor-element-ba4b282 elementor-widget-divider--view-line elementor-widget elementor-widget-divider\" data-id=\"ba4b282\" data-element_type=\"widget\" data-widget_type=\"divider.default\">\n\t\t\t\t<div class=\"elementor-widget-container\">\n\t\t\t\t\t<div class=\"elementor-divider\">\n\t\t\t<span class=\"elementor-divider-separator\">\n\t\t\t\t\t\t<\/span>\n\t\t<\/div>\n\t\t\t\t<\/div>\n\t\t\t\t<\/div>\n\t\t\t\t<div class=\"elementor-element elementor-element-208f540 elementor-widget elementor-widget-text-editor\" data-id=\"208f540\" data-element_type=\"widget\" data-widget_type=\"text-editor.default\">\n\t\t\t\t<div class=\"elementor-widget-container\">\n\t\t\t\t\t\t\t<p>Do you film videos yourself but need help with motion graphics? No problem, Luova Digital can design and animate your logo and brand elements making your videos more interesting and informative. We\u2019ll consider the visual guidelines of your brand in all design work<\/p>\t\t\t\t\t\t<\/div>\n\t\t\t\t<\/div>\n\t\t\t\t\t<\/div>\n\t\t<\/div>\n\t\t\t\t<div class=\"elementor-column elementor-col-50 elementor-top-column elementor-element elementor-element-125da13\" data-id=\"125da13\" data-element_type=\"column\">\n\t\t\t<div class=\"elementor-widget-wrap elementor-element-populated\">\n\t\t\t\t\t\t<div class=\"elementor-element elementor-element-f4687f2 elementor-widget elementor-widget-image\" data-id=\"f4687f2\" data-element_type=\"widget\" data-widget_type=\"image.default\">\n\t\t\t\t<div class=\"elementor-widget-container\">\n\t\t\t\t\t\t\t\t\t\t\t\t\t<img loading=\"lazy\" decoding=\"async\" width=\"600\" height=\"250\" src=\"https:\/\/luovadigital.com\/wp-content\/uploads\/2020\/04\/services_LV_graafinen_5.jpg\" class=\"attachment-large size-large wp-image-379\" alt=\"\" srcset=\"https:\/\/luovadigital.com\/wp-content\/uploads\/2020\/04\/services_LV_graafinen_5.jpg 600w, https:\/\/luovadigital.com\/wp-content\/uploads\/2020\/04\/services_LV_graafinen_5-300x125.jpg 300w\" sizes=\"(max-width: 600px) 100vw, 600px\">\t\t\t\t\t\t\t\t\t\t\t\t\t<\/div>\n\t\t\t\t<\/div>\n\t\t\t\t<div class=\"elementor-element elementor-element-87eed31 elementor-widget elementor-widget-heading\" data-id=\"87eed31\" data-element_type=\"widget\" data-widget_type=\"heading.default\">\n\t\t\t\t<div class=\"elementor-widget-container\">\n\t\t\t<h2 class=\"elementor-heading-title elementor-size-default\">GRAPHIC DESIGN<\/h2>\t\t<\/div>\n\t\t\t\t<\/div>\n\t\t\t\t<div class=\"elementor-element elementor-element-ed4f2d9 elementor-widget-divider--view-line elementor-widget elementor-widget-divider\" data-id=\"ed4f2d9\" data-element_type=\"widget\" data-widget_type=\"divider.default\">\n\t\t\t\t<div class=\"elementor-widget-container\">\n\t\t\t\t\t<div class=\"elementor-divider\">\n\t\t\t<span class=\"elementor-divider-separator\">\n\t\t\t\t\t\t<\/span>\n\t\t<\/div>\n\t\t\t\t<\/div>\n\t\t\t\t<\/div>\n\t\t\t\t<div class=\"elementor-element elementor-element-f91ec81 elementor-widget elementor-widget-text-editor\" data-id=\"f91ec81\" data-element_type=\"widget\" data-widget_type=\"text-editor.default\">\n\t\t\t\t<div class=\"elementor-widget-container\">\n\t\t\t\t\t\t\t<p>Get all the graphic designs you need from one place. Our design services include for example infographics, icons, billboards, business cards, presentation templates, brochures, roll-ups, and posters<\/p>\t\t\t\t\t\t<\/div>\n\t\t\t\t<\/div>\n\t\t\t\t\t<\/div>\n\t\t<\/div>\n\t\t\t\t\t<\/div>\n\t\t<\/section>\n\t\t\t\t<section class=\"elementor-section elementor-top-section elementor-element elementor-element-0d8fd87 elementor-section-boxed elementor-section-height-default elementor-section-height-default\" data-id=\"0d8fd87\" data-element_type=\"section\" data-settings='{\"background_background\":\"classic\",\"animation\":\"none\"}'>\n\t\t\t\t\t\t\t<div class=\"elementor-background-overlay\"><\/div>\n\t\t\t\t\t\t\t<div class=\"elementor-container elementor-column-gap-default\">\n\t\t\t\t\t<div class=\"elementor-column elementor-col-50 elementor-top-column elementor-element elementor-element-f793290\" data-id=\"f793290\" data-element_type=\"column\">\n\t\t\t<div class=\"elementor-widget-wrap elementor-element-populated\">\n\t\t\t\t\t\t<div class=\"elementor-element elementor-element-e11f781 elementor-widget elementor-widget-image\" data-id=\"e11f781\" data-element_type=\"widget\" data-widget_type=\"image.default\">\n\t\t\t\t<div class=\"elementor-widget-container\">\n\t\t\t\t\t\t\t\t\t\t\t\t\t<img loading=\"lazy\" decoding=\"async\" width=\"600\" height=\"250\" src=\"https:\/\/luovadigital.com\/wp-content\/uploads\/2020\/04\/services_LV_web.jpg\" class=\"attachment-large size-large wp-image-380\" alt=\"\" srcset=\"https:\/\/luovadigital.com\/wp-content\/uploads\/2020\/04\/services_LV_web.jpg 600w, https:\/\/luovadigital.com\/wp-content\/uploads\/2020\/04\/services_LV_web-300x125.jpg 300w\" sizes=\"(max-width: 600px) 100vw, 600px\">\t\t\t\t\t\t\t\t\t\t\t\t\t<\/div>\n\t\t\t\t<\/div>\n\t\t\t\t<div class=\"elementor-element elementor-element-6ad856c elementor-widget elementor-widget-heading\" data-id=\"6ad856c\" data-element_type=\"widget\" data-widget_type=\"heading.default\">\n\t\t\t\t<div class=\"elementor-widget-container\">\n\t\t\t<h2 class=\"elementor-heading-title elementor-size-default\">WEB DESIGN<\/h2>\t\t<\/div>\n\t\t\t\t<\/div>\n\t\t\t\t<div class=\"elementor-element elementor-element-14e6457 elementor-widget-divider--view-line elementor-widget elementor-widget-divider\" data-id=\"14e6457\" data-element_type=\"widget\" data-widget_type=\"divider.default\">\n\t\t\t\t<div class=\"elementor-widget-container\">\n\t\t\t\t\t<div class=\"elementor-divider\">\n\t\t\t<span class=\"elementor-divider-separator\">\n\t\t\t\t\t\t<\/span>\n\t\t<\/div>\n\t\t\t\t<\/div>\n\t\t\t\t<\/div>\n\t\t\t\t<div class=\"elementor-element elementor-element-0b64fb8 elementor-widget elementor-widget-text-editor\" data-id=\"0b64fb8\" data-element_type=\"widget\" data-widget_type=\"text-editor.default\">\n\t\t\t\t<div class=\"elementor-widget-container\">\n\t\t\t\t\t\t\t<p>Tarvitsetko k&auml;ytt&auml;j&auml;yst&auml;v&auml;lliset ja hyv&auml;nn&auml;k&ouml;iset verkkosivut yrityksellesi? Luova Digitalin digitaalisia palveluihin kuuluvat muun muassa UX\/UI-suunnittelu, mobiilik&auml;ytt&ouml;liittymien suunnittelu ja sosiaalisen median br&auml;ndikuvat. Hoidamme my&ouml;s teknisen toteutuksen esim. Wordpress sivuillesi.<\/p>\t\t\t\t\t\t<\/div>\n\t\t\t\t<\/div>\n\t\t\t\t\t<\/div>\n\t\t<\/div>\n\t\t\t\t<div class=\"elementor-column elementor-col-50 elementor-top-column elementor-element elementor-element-9da20a0\" data-id=\"9da20a0\" data-element_type=\"column\">\n\t\t\t<div class=\"elementor-widget-wrap elementor-element-populated\">\n\t\t\t\t\t\t<div class=\"elementor-element elementor-element-4d4f1d1 elementor-widget elementor-widget-image\" data-id=\"4d4f1d1\" data-element_type=\"widget\" data-widget_type=\"image.default\">\n\t\t\t\t<div class=\"elementor-widget-container\">\n\t\t\t\t\t\t\t\t\t\t\t\t\t<img loading=\"lazy\" decoding=\"async\" width=\"600\" height=\"250\" src=\"https:\/\/luovadigital.com\/wp-content\/uploads\/2020\/04\/services_LV_outdoor_8.jpg\" class=\"attachment-large size-large wp-image-381\" alt=\"\" srcset=\"https:\/\/luovadigital.com\/wp-content\/uploads\/2020\/04\/services_LV_outdoor_8.jpg 600w, https:\/\/luovadigital.com\/wp-content\/uploads\/2020\/04\/services_LV_outdoor_8-300x125.jpg 300w\" sizes=\"(max-width: 600px) 100vw, 600px\">\t\t\t\t\t\t\t\t\t\t\t\t\t<\/div>\n\t\t\t\t<\/div>\n\t\t\t\t<div class=\"elementor-element elementor-element-aceeea4 elementor-widget elementor-widget-heading\" data-id=\"aceeea4\" data-element_type=\"widget\" data-widget_type=\"heading.default\">\n\t\t\t\t<div class=\"elementor-widget-container\">\n\t\t\t<h2 class=\"elementor-heading-title elementor-size-default\">ADVERTISING CAMPAIGNS<\/h2>\t\t<\/div>\n\t\t\t\t<\/div>\n\t\t\t\t<div class=\"elementor-element elementor-element-d7d35e9 elementor-widget-divider--view-line elementor-widget elementor-widget-divider\" data-id=\"d7d35e9\" data-element_type=\"widget\" data-widget_type=\"divider.default\">\n\t\t\t\t<div class=\"elementor-widget-container\">\n\t\t\t\t\t<div class=\"elementor-divider\">\n\t\t\t<span class=\"elementor-divider-separator\">\n\t\t\t\t\t\t<\/span>\n\t\t<\/div>\n\t\t\t\t<\/div>\n\t\t\t\t<\/div>\n\t\t\t\t<div class=\"elementor-element elementor-element-461aca7 elementor-widget elementor-widget-text-editor\" data-id=\"461aca7\" data-element_type=\"widget\" data-widget_type=\"text-editor.default\">\n\t\t\t\t<div class=\"elementor-widget-container\">\n\t\t\t\t\t\t\t<p>Visual design for your marketing campaign? Luova Digital can help you produce campaign materials for different medias. So, relax, have a cup of coffee and let Luova Digital take care of everything you need to get your advertising campaign ready.<\/p>\t\t\t\t\t\t<\/div>\n\t\t\t\t<\/div>\n\t\t\t\t\t<\/div>\n\t\t<\/div>\n\t\t\t\t\t<\/div>\n\t\t<\/section>\n\t\t\t\t<section class=\"elementor-section elementor-top-section elementor-element elementor-element-5b572d7 elementor-section-boxed elementor-section-height-default elementor-section-height-default\" data-id=\"5b572d7\" data-element_type=\"section\" data-settings='{\"background_background\":\"classic\"}'>\n\t\t\t\t\t\t<div class=\"elementor-container elementor-column-gap-default\">\n\t\t\t\t\t<div class=\"elementor-column elementor-col-100 elementor-top-column elementor-element elementor-element-f7df0e3\" data-id=\"f7df0e3\" data-element_type=\"column\">\n\t\t\t<div class=\"elementor-widget-wrap elementor-element-populated\">\n\t\t\t\t\t\t<section class=\"elementor-section elementor-inner-section elementor-element elementor-element-8e7ec89 elementor-section-height-min-height elementor-section-content-middle elementor-section-boxed elementor-section-height-default\" data-id=\"8e7ec89\" data-element_type=\"section\">\n\t\t\t\t\t\t<div class=\"elementor-container elementor-column-gap-default\">\n\t\t\t\t\t<div class=\"elementor-column elementor-col-100 elementor-inner-column elementor-element elementor-element-2b509df\" data-id=\"2b509df\" data-element_type=\"column\">\n\t\t\t<div class=\"elementor-widget-wrap elementor-element-populated\">\n\t\t\t\t\t\t<div class=\"elementor-element elementor-element-ac03fe8 elementor-align-center elementor-widget elementor-widget-button\" data-id=\"ac03fe8\" data-element_type=\"widget\" data-widget_type=\"button.default\">\n\t\t\t\t<div class=\"elementor-widget-container\">\n\t\t\t\t\t<div class=\"elementor-button-wrapper\">\n\t\t\t<a class=\"elementor-button elementor-button-link elementor-size-md\" href=\"https:\/\/luovadigital.com\/en\/contact\/\">\n\t\t\t\t\t\t<span class=\"elementor-button-content-wrapper\">\n\t\t\t\t\t\t<span class=\"elementor-button-text\">Ask for a quote<\/span>\n\t\t<\/span>\n\t\t\t\t\t<\/a>\n\t\t<\/div>\n\t\t\t\t<\/div>\n\t\t\t\t<\/div>\n\t\t\t\t\t<\/div>\n\t\t<\/div>\n\t\t\t\t\t<\/div>\n\t\t<\/section>\n\t\t\t\t\t<\/div>\n\t\t<\/div>\n\t\t\t\t\t<\/div>\n\t\t<\/section>\n\t\t\t\t<\/div>","protected":false},"excerpt":{"rendered":"<p>Yritysilmeet Uusi logo yrityksellesi? Vai tarvitseeko yrityksesi koko br&auml;ndi uuden visuaalisen ilmeen? Luova Digital on joustavasti palveluksessasi pienist&auml; projekteista suuriin. Palveluihin kuuluu muun muassa yritysilmeet, typografia, v&auml;rim&auml;&auml;rittelyt ja graafiset ohjeistot. Yritysvideot Oletko kyll&auml;stynyt tavanomaisiin presentaatioihin? Miten olisi yritysvideo, joka kertoo br&auml;ndisi tarinan modernilla tavalla? Aloitetaan ainutlaatuisen ja kiinnostavan yritysvideosi suunnittelu jo t&auml;n&auml;&auml;n. Animaatiot Kuvaatko videot [&hellip;]<\/p>","protected":false},"author":1,"featured_media":0,"parent":0,"menu_order":0,"comment_status":"closed","ping_status":"closed","template":"elementor_header_footer","meta":{"footnotes":""},"yoast_head":"<!-- This site is optimized with the Yoast SEO plugin v22.0 - https:\/\/yoast.com\/wordpress\/plugins\/seo\/ -->\n<title>Palvelut - Luova Digital<\/title>\n<meta name=\"robots\" content=\"index, follow, max-snippet:-1, max-image-preview:large, max-video-preview:-1\" \/>\n<link rel=\"canonical\" href=\"https:\/\/luovadigital.com\/en\/services\/\" \/>\n<meta property=\"og:locale\" content=\"en_US\" \/>\n<meta property=\"og:type\" content=\"article\" \/>\n<meta property=\"og:title\" content=\"Palvelut - Luova Digital\" \/>\n<meta property=\"og:description\" content=\"Yritysilmeet Uusi logo yrityksellesi? Vai tarvitseeko yrityksesi koko br\u00e4ndi uuden visuaalisen ilmeen? Luova Digital on joustavasti palveluksessasi pienist\u00e4 projekteista suuriin. Palveluihin kuuluu muun muassa yritysilmeet, typografia, v\u00e4rim\u00e4\u00e4rittelyt ja graafiset ohjeistot. Yritysvideot Oletko kyll\u00e4stynyt tavanomaisiin presentaatioihin? Miten olisi yritysvideo, joka kertoo br\u00e4ndisi tarinan modernilla tavalla? Aloitetaan ainutlaatuisen ja kiinnostavan yritysvideosi suunnittelu jo t\u00e4n\u00e4\u00e4n. Animaatiot Kuvaatko videot [&hellip;]\" \/>\n<meta property=\"og:url\" content=\"https:\/\/luovadigital.com\/en\/services\/\" \/>\n<meta property=\"og:site_name\" content=\"Luova Digital\" \/>\n<meta property=\"article:modified_time\" content=\"2021-03-09T09:31:24+00:00\" \/>\n<meta property=\"og:image\" content=\"https:\/\/luovadigital.com\/wp-content\/uploads\/2020\/04\/palvelut_txt.svg\" \/>\n<meta name=\"twitter:card\" content=\"summary_large_image\" \/>\n<meta name=\"twitter:label1\" content=\"Est. reading time\" \/>\n\t<meta name=\"twitter:data1\" content=\"1 minute\" \/>\n<script type=\"application\/ld+json\" class=\"yoast-schema-graph\">{\"@context\":\"https:\/\/schema.org\",\"@graph\":[{\"@type\":\"WebPage\",\"@id\":\"https:\/\/luovadigital.com\/palvelut\/\",\"url\":\"https:\/\/luovadigital.com\/palvelut\/\",\"name\":\"Palvelut - Luova Digital\",\"isPartOf\":{\"@id\":\"https:\/\/luovadigital.com\/#website\"},\"datePublished\":\"2020-04-07T13:53:38+00:00\",\"dateModified\":\"2021-03-09T09:31:24+00:00\",\"breadcrumb\":{\"@id\":\"https:\/\/luovadigital.com\/palvelut\/#breadcrumb\"},\"inLanguage\":\"en-US\",\"potentialAction\":[{\"@type\":\"ReadAction\",\"target\":[\"https:\/\/luovadigital.com\/palvelut\/\"]}]},{\"@type\":\"BreadcrumbList\",\"@id\":\"https:\/\/luovadigital.com\/palvelut\/#breadcrumb\",\"itemListElement\":[{\"@type\":\"ListItem\",\"position\":1,\"name\":\"Home\",\"item\":\"https:\/\/luovadigital.com\/\"},{\"@type\":\"ListItem\",\"position\":2,\"name\":\"Palvelut\"}]},{\"@type\":\"WebSite\",\"@id\":\"https:\/\/luovadigital.com\/#website\",\"url\":\"https:\/\/luovadigital.com\/\",\"name\":\"Luova Digital\",\"description\":\"\",\"potentialAction\":[{\"@type\":\"SearchAction\",\"target\":{\"@type\":\"EntryPoint\",\"urlTemplate\":\"https:\/\/luovadigital.com\/?s={search_term_string}\"},\"query-input\":\"required name=search_term_string\"}],\"inLanguage\":\"en-US\"}]}<\/script>\n<!-- \/ Yoast SEO plugin. -->","yoast_head_json":{"title":"Palvelut - Luova Digital","robots":{"index":"index","follow":"follow","max-snippet":"max-snippet:-1","max-image-preview":"max-image-preview:large","max-video-preview":"max-video-preview:-1"},"canonical":"https:\/\/luovadigital.com\/en\/services\/","og_locale":"en_US","og_type":"article","og_title":"Palvelut - Luova Digital","og_description":"Yritysilmeet Uusi logo yrityksellesi? Vai tarvitseeko yrityksesi koko br\u00e4ndi uuden visuaalisen ilmeen? Luova Digital on joustavasti palveluksessasi pienist\u00e4 projekteista suuriin. Palveluihin kuuluu muun muassa yritysilmeet, typografia, v\u00e4rim\u00e4\u00e4rittelyt ja graafiset ohjeistot. Yritysvideot Oletko kyll\u00e4stynyt tavanomaisiin presentaatioihin? Miten olisi yritysvideo, joka kertoo br\u00e4ndisi tarinan modernilla tavalla? Aloitetaan ainutlaatuisen ja kiinnostavan yritysvideosi suunnittelu jo t\u00e4n\u00e4\u00e4n. Animaatiot Kuvaatko videot [&hellip;]","og_url":"https:\/\/luovadigital.com\/en\/services\/","og_site_name":"Luova Digital","article_modified_time":"2021-03-09T09:31:24+00:00","og_image":[{"url":"https:\/\/luovadigital.com\/wp-content\/uploads\/2020\/04\/palvelut_txt.svg"}],"twitter_card":"summary_large_image","twitter_misc":{"Est. reading time":"1 minute"},"schema":{"@context":"https:\/\/schema.org","@graph":[{"@type":"WebPage","@id":"https:\/\/luovadigital.com\/palvelut\/","url":"https:\/\/luovadigital.com\/palvelut\/","name":"Palvelut - Luova Digital","isPartOf":{"@id":"https:\/\/luovadigital.com\/#website"},"datePublished":"2020-04-07T13:53:38+00:00","dateModified":"2021-03-09T09:31:24+00:00","breadcrumb":{"@id":"https:\/\/luovadigital.com\/palvelut\/#breadcrumb"},"inLanguage":"en-US","potentialAction":[{"@type":"ReadAction","target":["https:\/\/luovadigital.com\/palvelut\/"]}]},{"@type":"BreadcrumbList","@id":"https:\/\/luovadigital.com\/palvelut\/#breadcrumb","itemListElement":[{"@type":"ListItem","position":1,"name":"Home","item":"https:\/\/luovadigital.com\/"},{"@type":"ListItem","position":2,"name":"Palvelut"}]},{"@type":"WebSite","@id":"https:\/\/luovadigital.com\/#website","url":"https:\/\/luovadigital.com\/","name":"Luova Digital","description":"","potentialAction":[{"@type":"SearchAction","target":{"@type":"EntryPoint","urlTemplate":"https:\/\/luovadigital.com\/?s={search_term_string}"},"query-input":"required name=search_term_string"}],"inLanguage":"en-US"}]}},"_links":{"self":[{"href":"https:\/\/luovadigital.com\/en\/wp-json\/wp\/v2\/pages\/373"}],"collection":[{"href":"https:\/\/luovadigital.com\/en\/wp-json\/wp\/v2\/pages"}],"about":[{"href":"https:\/\/luovadigital.com\/en\/wp-json\/wp\/v2\/types\/page"}],"author":[{"embeddable":true,"href":"https:\/\/luovadigital.com\/en\/wp-json\/wp\/v2\/users\/1"}],"replies":[{"embeddable":true,"href":"https:\/\/luovadigital.com\/en\/wp-json\/wp\/v2\/comments?post=373"}],"version-history":[{"count":23,"href":"https:\/\/luovadigital.com\/en\/wp-json\/wp\/v2\/pages\/373\/revisions"}],"predecessor-version":[{"id":563,"href":"https:\/\/luovadigital.com\/en\/wp-json\/wp\/v2\/pages\/373\/revisions\/563"}],"wp:attachment":[{"href":"https:\/\/luovadigital.com\/en\/wp-json\/wp\/v2\/media?parent=373"}],"curies":[{"name":"wp","href":"https:\/\/api.w.org\/{rel}","templated":true}]}}