{"id":396,"date":"2020-04-07T18:26:55","date_gmt":"2020-04-07T15:26:55","guid":{"rendered":"https:\/\/luovadigital.com\/?page_id=396"},"modified":"2021-03-09T11:31:24","modified_gmt":"2021-03-09T09:31:24","slug":"ota-yhteytta","status":"publish","type":"page","link":"https:\/\/luovadigital.com\/en\/contact\/","title":{"rendered":"<p>Contact<\/p>"},"content":{"rendered":"<div data-elementor-type=\"wp-page\" data-elementor-id=\"396\" class=\"elementor elementor-396\">\n\t\t\t\t\t\t<section class=\"elementor-section elementor-top-section elementor-element elementor-element-9405dbd elementor-section-full_width elementor-section-height-default elementor-section-height-default\" data-id=\"9405dbd\" data-element_type=\"section\" data-settings='{\"background_background\":\"classic\"}'>\n\t\t\t\t\t\t<div class=\"elementor-container elementor-column-gap-no\">\n\t\t\t\t\t<div class=\"elementor-column elementor-col-100 elementor-top-column elementor-element elementor-element-fe41f8f\" data-id=\"fe41f8f\" data-element_type=\"column\" data-settings='{\"background_background\":\"classic\"}'>\n\t\t\t<div class=\"elementor-widget-wrap elementor-element-populated\">\n\t\t\t\t\t\t<div class=\"elementor-element elementor-element-7c50b14 elementor-widget__width-initial animated-slow elementor-invisible elementor-widget elementor-widget-image\" data-id=\"7c50b14\" data-element_type=\"widget\" data-settings='{\"_animation\":\"fadeInRight\"}' data-widget_type=\"image.default\">\n\t\t\t\t<div class=\"elementor-widget-container\">\n\t\t\t\t\t\t\t\t\t\t\t\t\t<img decoding=\"async\" width=\"11\" height=\"79\" src=\"https:\/\/luovadigital.com\/wp-content\/uploads\/2020\/04\/contact_text.svg\" class=\"attachment-large size-large wp-image-575\" alt=\"\">\t\t\t\t\t\t\t\t\t\t\t\t\t<\/div>\n\t\t\t\t<\/div>\n\t\t\t\t\t<\/div>\n\t\t<\/div>\n\t\t\t\t\t<\/div>\n\t\t<\/section>\n\t\t\t\t<section class=\"elementor-section elementor-top-section elementor-element elementor-element-d2a728f elementor-section-full_width animated-fast elementor-section-height-default elementor-section-height-default elementor-invisible\" data-id=\"d2a728f\" data-element_type=\"section\" data-settings='{\"animation\":\"fadeInDown\",\"background_background\":\"classic\"}'>\n\t\t\t\t\t\t<div class=\"elementor-container elementor-column-gap-default\">\n\t\t\t\t\t<div class=\"elementor-column elementor-col-100 elementor-top-column elementor-element elementor-element-44a3089\" data-id=\"44a3089\" data-element_type=\"column\" data-settings='{\"background_background\":\"classic\"}'>\n\t\t\t<div class=\"elementor-widget-wrap elementor-element-populated\">\n\t\t\t\t\t<div class=\"elementor-background-overlay\"><\/div>\n\t\t\t\t\t\t<section class=\"elementor-section elementor-top-section elementor-element elementor-element-f7d0fa4 animated-slow elementor-section-content-middle elementor-section-boxed elementor-section-height-default elementor-section-height-default elementor-invisible\" data-id=\"f7d0fa4\" data-element_type=\"section\" data-settings='{\"animation\":\"fadeIn\"}'>\n\t\t\t\t\t\t<div class=\"elementor-container elementor-column-gap-default\">\n\t\t\t\t\t<div class=\"elementor-column elementor-col-100 elementor-top-column elementor-element elementor-element-f9bb184\" data-id=\"f9bb184\" data-element_type=\"column\" data-settings='{\"background_background\":\"classic\"}'>\n\t\t\t<div class=\"elementor-widget-wrap elementor-element-populated\">\n\t\t\t\t\t<div class=\"elementor-background-overlay\"><\/div>\n\t\t\t\t\t\t<div class=\"elementor-element elementor-element-9994229 elementor-widget elementor-widget-image\" data-id=\"9994229\" data-element_type=\"widget\" data-widget_type=\"image.default\">\n\t\t\t\t<div class=\"elementor-widget-container\">\n\t\t\t\t\t\t\t\t\t\t\t\t\t<img decoding=\"async\" width=\"88\" height=\"88\" src=\"https:\/\/luovadigital.com\/wp-content\/uploads\/2020\/04\/logo_pallo.svg\" class=\"attachment-large size-large wp-image-536\" alt=\"\">\t\t\t\t\t\t\t\t\t\t\t\t\t<\/div>\n\t\t\t\t<\/div>\n\t\t\t\t<div class=\"elementor-element elementor-element-a47bdd1 elementor-button-align-center elementor-widget elementor-widget-form\" data-id=\"a47bdd1\" data-element_type=\"widget\" data-settings='{\"step_next_label\":\"Next\",\"step_previous_label\":\"Previous\",\"step_type\":\"number_text\",\"step_icon_shape\":\"circle\"}' data-widget_type=\"form.default\">\n\t\t\t\t<div class=\"elementor-widget-container\">\n\t\t\t\t\t<form class=\"elementor-form\" method=\"post\" name=\"New Form\" action=\"\">\n\t\t\t<input type=\"hidden\" name=\"post_id\" value=\"396\">\n\t\t\t<input type=\"hidden\" name=\"form_id\" value=\"a47bdd1\">\n\t\t\t<input type=\"hidden\" name=\"referer_title\" value=\"Luova Digital\">\n\n\t\t\t\n\t\t\t<div class=\"elementor-form-fields-wrapper elementor-labels-\">\n\t\t\t\t\t\t\t\t<div class=\"elementor-field-type-text elementor-field-group elementor-column elementor-field-group-name elementor-col-100 elementor-field-required\">\n\t\t\t\t\t\t\t\t\t\t\t\t<label for=\"form-field-name\" class=\"elementor-field-label elementor-screen-only\">\n\t\t\t\t\t\t\t\tName\t\t\t\t\t\t\t<\/label>\n\t\t\t\t\t\t\t\t\t\t\t\t\t\t<input size=\"1\" type=\"text\" name=\"form_fields[name]\" id=\"form-field-name\" class=\"elementor-field elementor-size-md  elementor-field-textual\" placeholder=\"Name\" required=\"required\" aria-required=\"true\">\n\t\t\t\t\t\t\t\t\t\t\t<\/div>\n\t\t\t\t\t\t\t\t<div class=\"elementor-field-type-email elementor-field-group elementor-column elementor-field-group-email elementor-col-100 elementor-field-required\">\n\t\t\t\t\t\t\t\t\t\t\t\t<label for=\"form-field-email\" class=\"elementor-field-label elementor-screen-only\">\n\t\t\t\t\t\t\t\tEmail\t\t\t\t\t\t\t<\/label>\n\t\t\t\t\t\t\t\t\t\t\t\t\t\t<input size=\"1\" type=\"email\" name=\"form_fields[email]\" id=\"form-field-email\" class=\"elementor-field elementor-size-md  elementor-field-textual\" placeholder=\"Email\" required=\"required\" aria-required=\"true\">\n\t\t\t\t\t\t\t\t\t\t\t<\/div>\n\t\t\t\t\t\t\t\t<div class=\"elementor-field-type-textarea elementor-field-group elementor-column elementor-field-group-message elementor-col-100 elementor-field-required\">\n\t\t\t\t\t\t\t\t\t\t\t\t<label for=\"form-field-message\" class=\"elementor-field-label elementor-screen-only\">\n\t\t\t\t\t\t\t\tMessage\t\t\t\t\t\t\t<\/label>\n\t\t\t\t\t\t<textarea class=\"elementor-field-textual elementor-field  elementor-size-md\" name=\"form_fields[message]\" id=\"form-field-message\" rows=\"4\" placeholder=\"Message\" required=\"required\" aria-required=\"true\"><\/textarea>\t\t\t\t<\/div>\n\t\t\t\t\t\t\t\t<div class=\"elementor-field-group elementor-column elementor-field-type-submit elementor-col-100 e-form__buttons\">\n\t\t\t\t\t<button type=\"submit\" class=\"elementor-button elementor-size-lg\">\n\t\t\t\t\t\t<span>\n\t\t\t\t\t\t\t\t\t\t\t\t\t\t\t<span class=\"elementor-button-icon\">\n\t\t\t\t\t\t\t\t\t\t\t\t\t\t\t\t\t\t\t\t\t\t\t\t\t\t<\/span>\n\t\t\t\t\t\t\t\t\t\t\t\t\t\t\t\t\t\t\t\t\t\t<span class=\"elementor-button-text\">Send<\/span>\n\t\t\t\t\t\t\t\t\t\t\t\t\t<\/span>\n\t\t\t\t\t<\/button>\n\t\t\t\t<\/div>\n\t\t\t<\/div>\n\t\t<input type=\"hidden\" name=\"trp-form-language\" value=\"en\"\/><\/form>\n\t\t\t\t<\/div>\n\t\t\t\t<\/div>\n\t\t\t\t\t<\/div>\n\t\t<\/div>\n\t\t\t\t\t<\/div>\n\t\t<\/section>\n\t\t\t\t\t<\/div>\n\t\t<\/div>\n\t\t\t\t\t<\/div>\n\t\t<\/section>\n\t\t\t\t<section class=\"elementor-section elementor-top-section elementor-element elementor-element-df20b15 animated-slow elementor-section-height-min-height elementor-section-boxed elementor-section-height-default elementor-section-items-middle elementor-invisible\" data-id=\"df20b15\" data-element_type=\"section\" data-settings='{\"animation\":\"fadeIn\"}'>\n\t\t\t\t\t\t<div class=\"elementor-container elementor-column-gap-default\">\n\t\t\t\t\t<div class=\"elementor-column elementor-col-100 elementor-top-column elementor-element elementor-element-a4d1de8\" data-id=\"a4d1de8\" data-element_type=\"column\">\n\t\t\t<div class=\"elementor-widget-wrap elementor-element-populated\">\n\t\t\t\t\t\t<div class=\"elementor-element elementor-element-514433e elementor-widget elementor-widget-heading\" data-id=\"514433e\" data-element_type=\"widget\" data-widget_type=\"heading.default\">\n\t\t\t\t<div class=\"elementor-widget-container\">\n\t\t\t<h2 class=\"elementor-heading-title elementor-size-default\">Luova Digital<\/h2>\t\t<\/div>\n\t\t\t\t<\/div>\n\t\t\t\t<div class=\"elementor-element elementor-element-69e9cd2 elementor-widget-divider--view-line elementor-widget elementor-widget-divider\" data-id=\"69e9cd2\" data-element_type=\"widget\" data-widget_type=\"divider.default\">\n\t\t\t\t<div class=\"elementor-widget-container\">\n\t\t\t\t\t<div class=\"elementor-divider\">\n\t\t\t<span class=\"elementor-divider-separator\">\n\t\t\t\t\t\t<\/span>\n\t\t<\/div>\n\t\t\t\t<\/div>\n\t\t\t\t<\/div>\n\t\t\t\t<div class=\"elementor-element elementor-element-06f4f0a elementor-hidden-phone elementor-widget elementor-widget-text-editor\" data-id=\"06f4f0a\" data-element_type=\"widget\" data-widget_type=\"text-editor.default\">\n\t\t\t\t<div class=\"elementor-widget-container\">\n\t\t\t\t\t\t\t<p><span style=\"color: #333333;\">P&auml;lk&auml;neentie 19 A&nbsp;&nbsp;&nbsp; I&nbsp;&nbsp; 00510 Helsinki&nbsp;&nbsp;&nbsp; I&nbsp;&nbsp; <\/span>+358 505241721<br>info@luovadigital.com&nbsp;&nbsp;&nbsp; I&nbsp;&nbsp; luovadigital.com<\/p>\t\t\t\t\t\t<\/div>\n\t\t\t\t<\/div>\n\t\t\t\t<div class=\"elementor-element elementor-element-5076276 elementor-hidden-desktop elementor-hidden-tablet elementor-widget elementor-widget-text-editor\" data-id=\"5076276\" data-element_type=\"widget\" data-widget_type=\"text-editor.default\">\n\t\t\t\t<div class=\"elementor-widget-container\">\n\t\t\t\t\t\t\t<p><span style=\"color: #333333;\">P&auml;lk&auml;neentie 19 A&nbsp; ?&nbsp; 00510 Helsinki<br><\/span>+358 505241721&nbsp; ?&nbsp; info@luovadigital.com<br>luovadigital.com<\/p>\t\t\t\t\t\t<\/div>\n\t\t\t\t<\/div>\n\t\t\t\t<div class=\"elementor-element elementor-element-b0a7d30 elementor-widget-divider--view-line elementor-widget elementor-widget-divider\" data-id=\"b0a7d30\" data-element_type=\"widget\" data-widget_type=\"divider.default\">\n\t\t\t\t<div class=\"elementor-widget-container\">\n\t\t\t\t\t<div class=\"elementor-divider\">\n\t\t\t<span class=\"elementor-divider-separator\">\n\t\t\t\t\t\t<\/span>\n\t\t<\/div>\n\t\t\t\t<\/div>\n\t\t\t\t<\/div>\n\t\t\t\t\t<\/div>\n\t\t<\/div>\n\t\t\t\t\t<\/div>\n\t\t<\/section>\n\t\t\t\t<section class=\"elementor-section elementor-top-section elementor-element elementor-element-b81c2ff elementor-section-full_width elementor-section-height-min-height elementor-section-height-default elementor-section-items-middle\" data-id=\"b81c2ff\" data-element_type=\"section\">\n\t\t\t\t\t\t<div class=\"elementor-container elementor-column-gap-default\">\n\t\t\t\t\t<div class=\"elementor-column elementor-col-100 elementor-top-column elementor-element elementor-element-cbbe21e\" data-id=\"cbbe21e\" data-element_type=\"column\">\n\t\t\t<div class=\"elementor-widget-wrap elementor-element-populated\">\n\t\t\t\t\t\t<div class=\"elementor-element elementor-element-12e4ac2 elementor-widget elementor-widget-google_maps\" data-id=\"12e4ac2\" data-element_type=\"widget\" data-widget_type=\"google_maps.default\">\n\t\t\t\t<div class=\"elementor-widget-container\">\n\t\t\t\t\t<div class=\"elementor-custom-embed\">\n\t\t\t<iframe loading=\"lazy\" src=\"https:\/\/maps.google.com\/maps?q=P%C3%A4lk%C3%A4neentie%2019%20A%2C%2000510%20Helsinki&amp;t=m&amp;z=19&amp;output=embed&amp;iwloc=near\" title=\"P&auml;lk&auml;neentie 19 A, 00510 Helsinki\" aria-label=\"P&auml;lk&auml;neentie 19 A, 00510 Helsinki\"><\/iframe>\n\t\t<\/div>\n\t\t\t\t<\/div>\n\t\t\t\t<\/div>\n\t\t\t\t\t<\/div>\n\t\t<\/div>\n\t\t\t\t\t<\/div>\n\t\t<\/section>\n\t\t\t\t<\/div>","protected":false},"excerpt":{"rendered":"<p>Luova Digital P&auml;lk&auml;neentie 19 A&nbsp;&nbsp;&nbsp; I&nbsp;&nbsp; 00510 Helsinki&nbsp;&nbsp;&nbsp; I&nbsp;&nbsp; +358 505241721info@luovadigital.com&nbsp;&nbsp;&nbsp; I&nbsp;&nbsp; luovadigital.com P&auml;lk&auml;neentie 19 A&nbsp; ?&nbsp; 00510 Helsinki+358 505241721&nbsp; ?&nbsp; info@luovadigital.comluovadigital.com<\/p>","protected":false},"author":1,"featured_media":0,"parent":0,"menu_order":0,"comment_status":"closed","ping_status":"closed","template":"elementor_header_footer","meta":{"footnotes":""},"yoast_head":"<!-- This site is optimized with the Yoast SEO plugin v22.0 - https:\/\/yoast.com\/wordpress\/plugins\/seo\/ -->\n<title>Ota yhteytt\u00e4 - Luova Digital<\/title>\n<meta name=\"robots\" content=\"index, follow, max-snippet:-1, max-image-preview:large, max-video-preview:-1\" \/>\n<link rel=\"canonical\" href=\"https:\/\/luovadigital.com\/en\/contact\/\" \/>\n<meta property=\"og:locale\" content=\"en_US\" \/>\n<meta property=\"og:type\" content=\"article\" \/>\n<meta property=\"og:title\" content=\"Ota yhteytt\u00e4 - Luova Digital\" \/>\n<meta property=\"og:description\" content=\"Luova Digital P\u00e4lk\u00e4neentie 19 A\u00a0\u00a0\u00a0 I\u00a0\u00a0 00510 Helsinki\u00a0\u00a0\u00a0 I\u00a0\u00a0 +358 505241721info@luovadigital.com\u00a0\u00a0\u00a0 I\u00a0\u00a0 luovadigital.com P\u00e4lk\u00e4neentie 19 A\u00a0 \u2022\u00a0 00510 Helsinki+358 505241721\u00a0 \u2022\u00a0 info@luovadigital.comluovadigital.com\" \/>\n<meta property=\"og:url\" content=\"https:\/\/luovadigital.com\/en\/contact\/\" \/>\n<meta property=\"og:site_name\" content=\"Luova Digital\" \/>\n<meta property=\"article:modified_time\" content=\"2021-03-09T09:31:24+00:00\" \/>\n<meta property=\"og:image\" content=\"https:\/\/luovadigital.com\/wp-content\/uploads\/2020\/04\/ota_yht_text_2.svg\" \/>\n<meta name=\"twitter:card\" content=\"summary_large_image\" \/>\n<script type=\"application\/ld+json\" class=\"yoast-schema-graph\">{\"@context\":\"https:\/\/schema.org\",\"@graph\":[{\"@type\":\"WebPage\",\"@id\":\"https:\/\/luovadigital.com\/ota-yhteytta\/\",\"url\":\"https:\/\/luovadigital.com\/ota-yhteytta\/\",\"name\":\"Ota yhteytt\u00e4 - Luova Digital\",\"isPartOf\":{\"@id\":\"https:\/\/luovadigital.com\/#website\"},\"datePublished\":\"2020-04-07T15:26:55+00:00\",\"dateModified\":\"2021-03-09T09:31:24+00:00\",\"breadcrumb\":{\"@id\":\"https:\/\/luovadigital.com\/ota-yhteytta\/#breadcrumb\"},\"inLanguage\":\"en-US\",\"potentialAction\":[{\"@type\":\"ReadAction\",\"target\":[\"https:\/\/luovadigital.com\/ota-yhteytta\/\"]}]},{\"@type\":\"BreadcrumbList\",\"@id\":\"https:\/\/luovadigital.com\/ota-yhteytta\/#breadcrumb\",\"itemListElement\":[{\"@type\":\"ListItem\",\"position\":1,\"name\":\"Home\",\"item\":\"https:\/\/luovadigital.com\/\"},{\"@type\":\"ListItem\",\"position\":2,\"name\":\"Ota yhteytt\u00e4\"}]},{\"@type\":\"WebSite\",\"@id\":\"https:\/\/luovadigital.com\/#website\",\"url\":\"https:\/\/luovadigital.com\/\",\"name\":\"Luova Digital\",\"description\":\"\",\"potentialAction\":[{\"@type\":\"SearchAction\",\"target\":{\"@type\":\"EntryPoint\",\"urlTemplate\":\"https:\/\/luovadigital.com\/?s={search_term_string}\"},\"query-input\":\"required name=search_term_string\"}],\"inLanguage\":\"en-US\"}]}<\/script>\n<!-- \/ Yoast SEO plugin. -->","yoast_head_json":{"title":"Ota yhteytt\u00e4 - Luova Digital","robots":{"index":"index","follow":"follow","max-snippet":"max-snippet:-1","max-image-preview":"max-image-preview:large","max-video-preview":"max-video-preview:-1"},"canonical":"https:\/\/luovadigital.com\/en\/contact\/","og_locale":"en_US","og_type":"article","og_title":"Ota yhteytt\u00e4 - Luova Digital","og_description":"Luova Digital P\u00e4lk\u00e4neentie 19 A\u00a0\u00a0\u00a0 I\u00a0\u00a0 00510 Helsinki\u00a0\u00a0\u00a0 I\u00a0\u00a0 +358 505241721info@luovadigital.com\u00a0\u00a0\u00a0 I\u00a0\u00a0 luovadigital.com P\u00e4lk\u00e4neentie 19 A\u00a0 \u2022\u00a0 00510 Helsinki+358 505241721\u00a0 \u2022\u00a0 info@luovadigital.comluovadigital.com","og_url":"https:\/\/luovadigital.com\/en\/contact\/","og_site_name":"Luova Digital","article_modified_time":"2021-03-09T09:31:24+00:00","og_image":[{"url":"https:\/\/luovadigital.com\/wp-content\/uploads\/2020\/04\/ota_yht_text_2.svg"}],"twitter_card":"summary_large_image","schema":{"@context":"https:\/\/schema.org","@graph":[{"@type":"WebPage","@id":"https:\/\/luovadigital.com\/ota-yhteytta\/","url":"https:\/\/luovadigital.com\/ota-yhteytta\/","name":"Ota yhteytt\u00e4 - Luova Digital","isPartOf":{"@id":"https:\/\/luovadigital.com\/#website"},"datePublished":"2020-04-07T15:26:55+00:00","dateModified":"2021-03-09T09:31:24+00:00","breadcrumb":{"@id":"https:\/\/luovadigital.com\/ota-yhteytta\/#breadcrumb"},"inLanguage":"en-US","potentialAction":[{"@type":"ReadAction","target":["https:\/\/luovadigital.com\/ota-yhteytta\/"]}]},{"@type":"BreadcrumbList","@id":"https:\/\/luovadigital.com\/ota-yhteytta\/#breadcrumb","itemListElement":[{"@type":"ListItem","position":1,"name":"Home","item":"https:\/\/luovadigital.com\/"},{"@type":"ListItem","position":2,"name":"Ota yhteytt\u00e4"}]},{"@type":"WebSite","@id":"https:\/\/luovadigital.com\/#website","url":"https:\/\/luovadigital.com\/","name":"Luova Digital","description":"","potentialAction":[{"@type":"SearchAction","target":{"@type":"EntryPoint","urlTemplate":"https:\/\/luovadigital.com\/?s={search_term_string}"},"query-input":"required name=search_term_string"}],"inLanguage":"en-US"}]}},"_links":{"self":[{"href":"https:\/\/luovadigital.com\/en\/wp-json\/wp\/v2\/pages\/396"}],"collection":[{"href":"https:\/\/luovadigital.com\/en\/wp-json\/wp\/v2\/pages"}],"about":[{"href":"https:\/\/luovadigital.com\/en\/wp-json\/wp\/v2\/types\/page"}],"author":[{"embeddable":true,"href":"https:\/\/luovadigital.com\/en\/wp-json\/wp\/v2\/users\/1"}],"replies":[{"embeddable":true,"href":"https:\/\/luovadigital.com\/en\/wp-json\/wp\/v2\/comments?post=396"}],"version-history":[{"count":16,"href":"https:\/\/luovadigital.com\/en\/wp-json\/wp\/v2\/pages\/396\/revisions"}],"predecessor-version":[{"id":582,"href":"https:\/\/luovadigital.com\/en\/wp-json\/wp\/v2\/pages\/396\/revisions\/582"}],"wp:attachment":[{"href":"https:\/\/luovadigital.com\/en\/wp-json\/wp\/v2\/media?parent=396"}],"curies":[{"name":"wp","href":"https:\/\/api.w.org\/{rel}","templated":true}]}}