{"id":496,"date":"2020-04-08T19:07:56","date_gmt":"2020-04-08T16:07:56","guid":{"rendered":"https:\/\/luovadigital.com\/?page_id=496"},"modified":"2021-03-09T11:31:24","modified_gmt":"2021-03-09T09:31:24","slug":"evasteet","status":"publish","type":"page","link":"https:\/\/luovadigital.com\/en\/evasteet\/","title":{"rendered":"<p>Ev&auml;steet<\/p>"},"content":{"rendered":"<div data-elementor-type=\"wp-page\" data-elementor-id=\"496\" class=\"elementor elementor-496\">\n\t\t\t\t\t\t<section class=\"elementor-section elementor-top-section elementor-element elementor-element-df20b15 animated-slow elementor-section-height-min-height elementor-section-boxed elementor-section-height-default elementor-section-items-middle elementor-invisible\" data-id=\"df20b15\" data-element_type=\"section\" data-settings='{\"animation\":\"fadeIn\"}'>\n\t\t\t\t\t\t<div class=\"elementor-container elementor-column-gap-extended\">\n\t\t\t\t\t<div class=\"elementor-column elementor-col-100 elementor-top-column elementor-element elementor-element-a4d1de8\" data-id=\"a4d1de8\" data-element_type=\"column\">\n\t\t\t<div class=\"elementor-widget-wrap elementor-element-populated\">\n\t\t\t\t\t\t<div class=\"elementor-element elementor-element-514433e elementor-widget elementor-widget-heading\" data-id=\"514433e\" data-element_type=\"widget\" data-widget_type=\"heading.default\">\n\t\t\t\t<div class=\"elementor-widget-container\">\n\t\t\t<h2 class=\"elementor-heading-title elementor-size-default\">Ev&auml;steet<\/h2>\t\t<\/div>\n\t\t\t\t<\/div>\n\t\t\t\t<div class=\"elementor-element elementor-element-69e9cd2 elementor-widget-divider--view-line elementor-widget elementor-widget-divider\" data-id=\"69e9cd2\" data-element_type=\"widget\" data-widget_type=\"divider.default\">\n\t\t\t\t<div class=\"elementor-widget-container\">\n\t\t\t\t\t<div class=\"elementor-divider\">\n\t\t\t<span class=\"elementor-divider-separator\">\n\t\t\t\t\t\t<\/span>\n\t\t<\/div>\n\t\t\t\t<\/div>\n\t\t\t\t<\/div>\n\t\t\t\t<div class=\"elementor-element elementor-element-06f4f0a elementor-widget__width-initial elementor-widget-tablet__width-initial elementor-widget elementor-widget-text-editor\" data-id=\"06f4f0a\" data-element_type=\"widget\" data-widget_type=\"text-editor.default\">\n\t\t\t\t<div class=\"elementor-widget-container\">\n\t\t\t\t\t\t\t<p>T&auml;ll&auml; sivulla kerromme, miten <strong>Luova Helsinki Oy \/ Luova Digital<\/strong> k&auml;ytt&auml;&auml; sivustoillaan ev&auml;steit&auml;.<\/p><p>Luova Helsinki Oy:n sivustoilla k&auml;ytet&auml;&auml;n ev&auml;steit&auml;, ja k&auml;ytt&auml;m&auml;ll&auml; sivustoa hyv&auml;ksyt niiden k&auml;yt&ouml;n. Tutustu my&ouml;s <a title=\"Rekisteriseloste\" href=\"https:\/\/luovadigital.com\/en\/rekisteriseloste\/\"><strong>rekisteriselosteeseemme.<\/strong><\/a><\/p><p><strong>Mit&auml; ovat ev&auml;steet?<\/strong><br>Ev&auml;steet ovat pieni&auml;, selaimesi p&auml;&auml;telaitteelle tallentamia tekstitiedostoja. Ne muun muassa auttavat sivujen yll&auml;pit&auml;j&auml;&auml; selvitt&auml;m&auml;&auml;n, miten vierailijat sivustoa k&auml;ytt&auml;v&auml;t. Ev&auml;steet ja muut vastaavat tekniikat eiv&auml;t vahingoita k&auml;ytt&auml;j&auml;n p&auml;&auml;telaitetta tai tiedostoja mill&auml;&auml;n tavalla.<\/p><p><strong>Miten Luova Helsinki k&auml;ytt&auml;&auml; ev&auml;steit&auml;?<\/strong><\/p><p>Luova Helsinki k&auml;ytt&auml;&auml; ev&auml;steit&auml; kehitt&auml;&auml;kseen verkkosivustoaan ja palveluitaan muun muassa analysoimalla k&auml;ytt&auml;j&auml;tietoa sek&auml; kohdentamalla ja optimoimalla sis&auml;lt&ouml;&auml;. K&auml;yt&auml;mme my&ouml;s kolmannen osapuolen tarjoamia analytiikka- ja raportointiratkaisuja.<\/p><p><strong>Ev&auml;steiden poistaminen k&auml;yt&ouml;st&auml;<\/strong><br>Voit est&auml;&auml; ev&auml;steiden k&auml;yt&ouml;n selaimesi asetuksista. Huomaa kuitenkin, ett&auml; ev&auml;steiden k&auml;yt&ouml;n est&auml;minen voi vaikuttaa sivuston joihinkin toiminnallisuuksiin.<\/p>\t\t\t\t\t\t<\/div>\n\t\t\t\t<\/div>\n\t\t\t\t\t<\/div>\n\t\t<\/div>\n\t\t\t\t\t<\/div>\n\t\t<\/section>\n\t\t\t\t<\/div>","protected":false},"excerpt":{"rendered":"<p>Ev&auml;steet T&auml;ll&auml; sivulla kerromme, miten Luova Helsinki Oy \/ Luova Digital k&auml;ytt&auml;&auml; sivustoillaan ev&auml;steit&auml;. Luova Helsinki Oy:n sivustoilla k&auml;ytet&auml;&auml;n ev&auml;steit&auml;, ja k&auml;ytt&auml;m&auml;ll&auml; sivustoa hyv&auml;ksyt niiden k&auml;yt&ouml;n. Tutustu my&ouml;s rekisteriselosteeseemme. Mit&auml; ovat ev&auml;steet?Ev&auml;steet ovat pieni&auml;, selaimesi p&auml;&auml;telaitteelle tallentamia tekstitiedostoja. Ne muun muassa auttavat sivujen yll&auml;pit&auml;j&auml;&auml; selvitt&auml;m&auml;&auml;n, miten vierailijat sivustoa k&auml;ytt&auml;v&auml;t. Ev&auml;steet ja muut vastaavat tekniikat eiv&auml;t [&hellip;]<\/p>","protected":false},"author":1,"featured_media":0,"parent":0,"menu_order":0,"comment_status":"closed","ping_status":"closed","template":"elementor_header_footer","meta":{"footnotes":""},"yoast_head":"<!-- This site is optimized with the Yoast SEO plugin v22.0 - https:\/\/yoast.com\/wordpress\/plugins\/seo\/ -->\n<title>Ev\u00e4steet - Luova Digital<\/title>\n<meta name=\"robots\" content=\"index, follow, max-snippet:-1, max-image-preview:large, max-video-preview:-1\" \/>\n<link rel=\"canonical\" href=\"https:\/\/luovadigital.com\/en\/evasteet\/\" \/>\n<meta property=\"og:locale\" content=\"en_US\" \/>\n<meta property=\"og:type\" content=\"article\" \/>\n<meta property=\"og:title\" content=\"Ev\u00e4steet - Luova Digital\" \/>\n<meta property=\"og:description\" content=\"Ev\u00e4steet T\u00e4ll\u00e4 sivulla kerromme, miten Luova Helsinki Oy \/ Luova Digital k\u00e4ytt\u00e4\u00e4 sivustoillaan ev\u00e4steit\u00e4. Luova Helsinki Oy:n sivustoilla k\u00e4ytet\u00e4\u00e4n ev\u00e4steit\u00e4, ja k\u00e4ytt\u00e4m\u00e4ll\u00e4 sivustoa hyv\u00e4ksyt niiden k\u00e4yt\u00f6n. Tutustu my\u00f6s rekisteriselosteeseemme. Mit\u00e4 ovat ev\u00e4steet?Ev\u00e4steet ovat pieni\u00e4, selaimesi p\u00e4\u00e4telaitteelle tallentamia tekstitiedostoja. Ne muun muassa auttavat sivujen yll\u00e4pit\u00e4j\u00e4\u00e4 selvitt\u00e4m\u00e4\u00e4n, miten vierailijat sivustoa k\u00e4ytt\u00e4v\u00e4t. Ev\u00e4steet ja muut vastaavat tekniikat eiv\u00e4t [&hellip;]\" \/>\n<meta property=\"og:url\" content=\"https:\/\/luovadigital.com\/en\/evasteet\/\" \/>\n<meta property=\"og:site_name\" content=\"Luova Digital\" \/>\n<meta property=\"article:modified_time\" content=\"2021-03-09T09:31:24+00:00\" \/>\n<meta name=\"twitter:card\" content=\"summary_large_image\" \/>\n<meta name=\"twitter:label1\" content=\"Est. reading time\" \/>\n\t<meta name=\"twitter:data1\" content=\"1 minute\" \/>\n<script type=\"application\/ld+json\" class=\"yoast-schema-graph\">{\"@context\":\"https:\/\/schema.org\",\"@graph\":[{\"@type\":\"WebPage\",\"@id\":\"https:\/\/luovadigital.com\/evasteet\/\",\"url\":\"https:\/\/luovadigital.com\/evasteet\/\",\"name\":\"Ev\u00e4steet - Luova Digital\",\"isPartOf\":{\"@id\":\"https:\/\/luovadigital.com\/#website\"},\"datePublished\":\"2020-04-08T16:07:56+00:00\",\"dateModified\":\"2021-03-09T09:31:24+00:00\",\"breadcrumb\":{\"@id\":\"https:\/\/luovadigital.com\/evasteet\/#breadcrumb\"},\"inLanguage\":\"en-US\",\"potentialAction\":[{\"@type\":\"ReadAction\",\"target\":[\"https:\/\/luovadigital.com\/evasteet\/\"]}]},{\"@type\":\"BreadcrumbList\",\"@id\":\"https:\/\/luovadigital.com\/evasteet\/#breadcrumb\",\"itemListElement\":[{\"@type\":\"ListItem\",\"position\":1,\"name\":\"Home\",\"item\":\"https:\/\/luovadigital.com\/\"},{\"@type\":\"ListItem\",\"position\":2,\"name\":\"Ev\u00e4steet\"}]},{\"@type\":\"WebSite\",\"@id\":\"https:\/\/luovadigital.com\/#website\",\"url\":\"https:\/\/luovadigital.com\/\",\"name\":\"Luova Digital\",\"description\":\"\",\"potentialAction\":[{\"@type\":\"SearchAction\",\"target\":{\"@type\":\"EntryPoint\",\"urlTemplate\":\"https:\/\/luovadigital.com\/?s={search_term_string}\"},\"query-input\":\"required name=search_term_string\"}],\"inLanguage\":\"en-US\"}]}<\/script>\n<!-- \/ Yoast SEO plugin. -->","yoast_head_json":{"title":"Ev\u00e4steet - Luova Digital","robots":{"index":"index","follow":"follow","max-snippet":"max-snippet:-1","max-image-preview":"max-image-preview:large","max-video-preview":"max-video-preview:-1"},"canonical":"https:\/\/luovadigital.com\/en\/evasteet\/","og_locale":"en_US","og_type":"article","og_title":"Ev\u00e4steet - Luova Digital","og_description":"Ev\u00e4steet T\u00e4ll\u00e4 sivulla kerromme, miten Luova Helsinki Oy \/ Luova Digital k\u00e4ytt\u00e4\u00e4 sivustoillaan ev\u00e4steit\u00e4. Luova Helsinki Oy:n sivustoilla k\u00e4ytet\u00e4\u00e4n ev\u00e4steit\u00e4, ja k\u00e4ytt\u00e4m\u00e4ll\u00e4 sivustoa hyv\u00e4ksyt niiden k\u00e4yt\u00f6n. Tutustu my\u00f6s rekisteriselosteeseemme. Mit\u00e4 ovat ev\u00e4steet?Ev\u00e4steet ovat pieni\u00e4, selaimesi p\u00e4\u00e4telaitteelle tallentamia tekstitiedostoja. Ne muun muassa auttavat sivujen yll\u00e4pit\u00e4j\u00e4\u00e4 selvitt\u00e4m\u00e4\u00e4n, miten vierailijat sivustoa k\u00e4ytt\u00e4v\u00e4t. Ev\u00e4steet ja muut vastaavat tekniikat eiv\u00e4t [&hellip;]","og_url":"https:\/\/luovadigital.com\/en\/evasteet\/","og_site_name":"Luova Digital","article_modified_time":"2021-03-09T09:31:24+00:00","twitter_card":"summary_large_image","twitter_misc":{"Est. reading time":"1 minute"},"schema":{"@context":"https:\/\/schema.org","@graph":[{"@type":"WebPage","@id":"https:\/\/luovadigital.com\/evasteet\/","url":"https:\/\/luovadigital.com\/evasteet\/","name":"Ev\u00e4steet - Luova Digital","isPartOf":{"@id":"https:\/\/luovadigital.com\/#website"},"datePublished":"2020-04-08T16:07:56+00:00","dateModified":"2021-03-09T09:31:24+00:00","breadcrumb":{"@id":"https:\/\/luovadigital.com\/evasteet\/#breadcrumb"},"inLanguage":"en-US","potentialAction":[{"@type":"ReadAction","target":["https:\/\/luovadigital.com\/evasteet\/"]}]},{"@type":"BreadcrumbList","@id":"https:\/\/luovadigital.com\/evasteet\/#breadcrumb","itemListElement":[{"@type":"ListItem","position":1,"name":"Home","item":"https:\/\/luovadigital.com\/"},{"@type":"ListItem","position":2,"name":"Ev\u00e4steet"}]},{"@type":"WebSite","@id":"https:\/\/luovadigital.com\/#website","url":"https:\/\/luovadigital.com\/","name":"Luova Digital","description":"","potentialAction":[{"@type":"SearchAction","target":{"@type":"EntryPoint","urlTemplate":"https:\/\/luovadigital.com\/?s={search_term_string}"},"query-input":"required name=search_term_string"}],"inLanguage":"en-US"}]}},"_links":{"self":[{"href":"https:\/\/luovadigital.com\/en\/wp-json\/wp\/v2\/pages\/496"}],"collection":[{"href":"https:\/\/luovadigital.com\/en\/wp-json\/wp\/v2\/pages"}],"about":[{"href":"https:\/\/luovadigital.com\/en\/wp-json\/wp\/v2\/types\/page"}],"author":[{"embeddable":true,"href":"https:\/\/luovadigital.com\/en\/wp-json\/wp\/v2\/users\/1"}],"replies":[{"embeddable":true,"href":"https:\/\/luovadigital.com\/en\/wp-json\/wp\/v2\/comments?post=496"}],"version-history":[{"count":7,"href":"https:\/\/luovadigital.com\/en\/wp-json\/wp\/v2\/pages\/496\/revisions"}],"predecessor-version":[{"id":587,"href":"https:\/\/luovadigital.com\/en\/wp-json\/wp\/v2\/pages\/496\/revisions\/587"}],"wp:attachment":[{"href":"https:\/\/luovadigital.com\/en\/wp-json\/wp\/v2\/media?parent=496"}],"curies":[{"name":"wp","href":"https:\/\/api.w.org\/{rel}","templated":true}]}}