{"id":500,"date":"2020-04-08T19:18:14","date_gmt":"2020-04-08T16:18:14","guid":{"rendered":"https:\/\/luovadigital.com\/?page_id=500"},"modified":"2021-03-09T11:31:24","modified_gmt":"2021-03-09T09:31:24","slug":"rekisteriseloste","status":"publish","type":"page","link":"https:\/\/luovadigital.com\/en\/rekisteriseloste\/","title":{"rendered":"<p>Rekisteriseloste<\/p>"},"content":{"rendered":"<div data-elementor-type=\"wp-page\" data-elementor-id=\"500\" class=\"elementor elementor-500\">\n\t\t\t\t\t\t<section class=\"elementor-section elementor-top-section elementor-element elementor-element-df20b15 animated-slow elementor-section-height-min-height elementor-section-boxed elementor-section-height-default elementor-section-items-middle elementor-invisible\" data-id=\"df20b15\" data-element_type=\"section\" data-settings='{\"animation\":\"fadeIn\"}'>\n\t\t\t\t\t\t<div class=\"elementor-container elementor-column-gap-extended\">\n\t\t\t\t\t<div class=\"elementor-column elementor-col-100 elementor-top-column elementor-element elementor-element-a4d1de8\" data-id=\"a4d1de8\" data-element_type=\"column\">\n\t\t\t<div class=\"elementor-widget-wrap elementor-element-populated\">\n\t\t\t\t\t\t<div class=\"elementor-element elementor-element-514433e elementor-widget__width-initial elementor-widget-tablet__width-initial elementor-widget-mobile__width-initial elementor-widget elementor-widget-heading\" data-id=\"514433e\" data-element_type=\"widget\" data-widget_type=\"heading.default\">\n\t\t\t\t<div class=\"elementor-widget-container\">\n\t\t\t<h2 class=\"elementor-heading-title elementor-size-default\">REKISTERISELOSTE<\/h2>\t\t<\/div>\n\t\t\t\t<\/div>\n\t\t\t\t<div class=\"elementor-element elementor-element-69e9cd2 elementor-widget-divider--view-line elementor-widget elementor-widget-divider\" data-id=\"69e9cd2\" data-element_type=\"widget\" data-widget_type=\"divider.default\">\n\t\t\t\t<div class=\"elementor-widget-container\">\n\t\t\t\t\t<div class=\"elementor-divider\">\n\t\t\t<span class=\"elementor-divider-separator\">\n\t\t\t\t\t\t<\/span>\n\t\t<\/div>\n\t\t\t\t<\/div>\n\t\t\t\t<\/div>\n\t\t\t\t<div class=\"elementor-element elementor-element-06f4f0a elementor-widget__width-initial elementor-widget-tablet__width-initial elementor-widget elementor-widget-text-editor\" data-id=\"06f4f0a\" data-element_type=\"widget\" data-widget_type=\"text-editor.default\">\n\t\t\t\t<div class=\"elementor-widget-container\">\n\t\t\t\t\t\t\t<p>HENKIL&Ouml;TIETOLAIN (523\/1999) 10&sect;:N MUKAINEN REKISTERISELOSTE<\/p><p><strong>1. Rekisterin pit&auml;j&auml;<\/strong><br>Luova Helsinki Oy (aputoiminimi Luova Digital)<br><span style=\"color: #333333;\">P&auml;lk&auml;neentie 19 A<\/span>, <span style=\"color: #333333;\">00510 Helsinki<\/span>, info@luovadigital.com<\/p><p><strong>2. Yhteyshenkil&ouml; rekisteri&auml; koskevissa asioissa<\/strong><br>Kim Takala<br>050-5241721<br>kim@luovadigital.com<\/p><p><strong>3. Rekisterin nimi<\/strong><br>Luova Helsingin asiakasrekisteri<\/p><p><strong>4. Henkil&ouml;tietojen k&auml;sittelyn tarkoitus<\/strong><br>Henkil&ouml;tietoja k&auml;sitell&auml;&auml;n seuraavia tarkoituksia varten, n&auml;ihin kuitenkaan tyhjent&auml;v&auml;sti rajoittumatta: myynnin ja markkinoinnin toimenpiteet, joiden tarkoituksena on uusasiakashankinta, olemassa olevien asiakassuhteiden hoito, yrityksen br&auml;ndin ja tuotteiden markkinointi, my&ouml;s suoramarkkinointi ja muut vastaavat markkinoinnin ja myynnin toimenpiteet, sek&auml; suoramarkkinointikieltojen yll&auml;pito.<\/p><p><strong>5. Rekisterin tietosis&auml;lt&ouml;<\/strong><br>Yksil&ouml;intitiedot<br>? etu- ja sukunimi<br>? s&auml;hk&ouml;posti<br>? puhelinnumero<\/p><p><strong>Muut tiedot<\/strong><br>? ty&ouml;nimike<br>? ty&ouml;nantaja\/yritys ja sen yhteystiedot<br>? tiedot henkil&ouml;n ilmoittamista markkinointiluvista ja -kielloista- ev&auml;steiden ja muiden vastaavien tekniikoiden avulla ker&auml;tty profilointitieto.<br>? k&auml;ytt&auml;ytymiseen perustuvat tiedot<\/p><p><strong>6. S&auml;&auml;nn&ouml;nmukaiset tietol&auml;hteet<\/strong><\/p><p>Rekisteriin tallennettavat tiedot ker&auml;t&auml;&auml;n p&auml;&auml;asiassa rekister&ouml;idyilt&auml; itselt&auml;&auml;n Luova Digitalin verkkosivujen kautta. Henkil&ouml;n tietoja voidaan my&ouml;s lis&auml;t&auml; rekisteriin manuaalisesti kasvokkain, puhelimitse, s&auml;hk&ouml;postitse tai muuta kautta tapahtuneen vuorovaikutuksen seurauksena.<\/p><p>K&auml;ytt&auml;ytymiseen perustuvaa tietoa ker&auml;t&auml;&auml;n Luova Digitalin verkkosivujen, s&auml;hk&ouml;postien ja sosiaalisen median kanavien kautta ev&auml;steiden ja muiden vastaavien tekniikoiden avulla. Rekisteriss&auml; olevia tietoja voidaan p&auml;ivitt&auml;&auml; manuaalisesti ja ker&auml;t&auml; my&ouml;s julkisista rekistereist&auml;.<\/p><p><strong>7. Tietojen s&auml;&auml;nn&ouml;nmukaiset luovutukset<\/strong><br>Emme luovuta s&auml;&auml;nnonmukaisesti rekisterin tietoja kolmansille osapuolille.<\/p><p>Rekisterin tiedot ovat Luova Helsinki Oy:n k&auml;yt&ouml;ss&auml;.<\/p><p>Tietoja saatetaan kuitenkin luovuttaa, mik&auml;li palvelun toteuttaminen sit&auml; edellytt&auml;&auml; esimerkiksi yhteisty&ouml;ss&auml; j&auml;rjestetyn tapahtuman yhteydess&auml;. T&auml;ll&ouml;inkin tietoja luovutetaan vain ehdoton minimim&auml;&auml;r&auml;, ja vain osapuolelle, joka k&auml;sittelee tietoja vastuullisesti.<\/p><p><strong>8. Tietojen siirto EU:n tai ETA:n ulkopuolelle<\/strong><br>Rekisterin tiedot ker&auml;t&auml;&auml;n j&auml;rjestelm&auml;toimittajamme suomalaisen Domain Hotelli oy palvelimille ja tallennetaan turvallisesti paikalliseen tiedostoon.<\/p><p><strong>9. Rekisterin suojauksen periaatteet<\/strong><\/p><p>Manuaalinen aineisto Manuaalista aineistoa ei ole. ATK:lla k&auml;sitelt&auml;v&auml;t tiedot Rekisterin k&auml;ytt&ouml; on suojattu k&auml;ytt&auml;j&auml;tunnuksin ja henkil&ouml;kohtaisin salasanoin. Asiakastietoja sis&auml;lt&auml;v&auml;n j&auml;rjestelm&auml;n k&auml;ytt&ouml;&ouml;n ovat oikeutettuja vain ne ty&ouml;ntekij&auml;t, joilla ty&ouml;ns&auml; puolesta on oikeus k&auml;sitell&auml; henkil&ouml;tietoja. Luova Helsingin kaikki toimitilat ovat lukittuja.<\/p><p><strong>Rekister&ouml;idyn oikeudet <\/strong><strong>Tarkastus- ja korjausoikeus<\/strong><br>Rekister&ouml;idyll&auml; on oikeus tarkistaa, mit&auml; tietoja h&auml;nest&auml; on rekisteriin tallennettu. Jos tiedoissa on virheit&auml;, rekister&ouml;ity voi vaatia virheen korjaamista. Tarkastus- ja korjausoikeutta koskevat yhteydenotot tulee tehd&auml; kirjallisesti ja allekirjoitettuna tai s&auml;hk&ouml;postitse ja osoittaa kohdassa 2 mainitulle yhteyshenkil&ouml;lle. Tarkastuspyynn&ouml;n voi tehd&auml; maksutta kerran vuodessa, ja niihin vastataan viimeist&auml;&auml;n kolmen kuukauden kuluttua pyynn&ouml;n esitt&auml;misest&auml;.<\/p><p><strong>Kielto-oikeus<\/strong><br>Rekister&ouml;idyll&auml; on oikeus kielt&auml;&auml; reksiterinpit&auml;j&auml;&auml; k&auml;sittelem&auml;st&auml; itse&auml;&auml;n koskevia tietoja markkinointia varten sek&auml; vaatia rekisterinpit&auml;j&auml;&auml; poistamaan itse&auml;&auml;n koskevat henkil&ouml;tiedot.<\/p>\t\t\t\t\t\t<\/div>\n\t\t\t\t<\/div>\n\t\t\t\t\t<\/div>\n\t\t<\/div>\n\t\t\t\t\t<\/div>\n\t\t<\/section>\n\t\t\t\t<\/div>","protected":false},"excerpt":{"rendered":"<p>REKISTERISELOSTE HENKIL&Ouml;TIETOLAIN (523\/1999) 10&sect;:N MUKAINEN REKISTERISELOSTE 1. Rekisterin pit&auml;j&auml;Luova Helsinki Oy (aputoiminimi Luova Digital)P&auml;lk&auml;neentie 19 A, 00510 Helsinki, info@luovadigital.com 2. Yhteyshenkil&ouml; rekisteri&auml; koskevissa asioissaKim Takala050-5241721kim@luovadigital.com 3. Rekisterin nimiLuova Helsingin asiakasrekisteri 4. Henkil&ouml;tietojen k&auml;sittelyn tarkoitusHenkil&ouml;tietoja k&auml;sitell&auml;&auml;n seuraavia tarkoituksia varten, n&auml;ihin kuitenkaan tyhjent&auml;v&auml;sti rajoittumatta: myynnin ja markkinoinnin toimenpiteet, joiden tarkoituksena on uusasiakashankinta, olemassa olevien asiakassuhteiden hoito, yrityksen [&hellip;]<\/p>","protected":false},"author":1,"featured_media":0,"parent":0,"menu_order":0,"comment_status":"closed","ping_status":"closed","template":"elementor_header_footer","meta":{"footnotes":""},"yoast_head":"<!-- This site is optimized with the Yoast SEO plugin v22.0 - https:\/\/yoast.com\/wordpress\/plugins\/seo\/ -->\n<title>Rekisteriseloste - Luova Digital<\/title>\n<meta name=\"robots\" content=\"index, follow, max-snippet:-1, max-image-preview:large, max-video-preview:-1\" \/>\n<link rel=\"canonical\" href=\"https:\/\/luovadigital.com\/en\/rekisteriseloste\/\" \/>\n<meta property=\"og:locale\" content=\"en_US\" \/>\n<meta property=\"og:type\" content=\"article\" \/>\n<meta property=\"og:title\" content=\"Rekisteriseloste - Luova Digital\" \/>\n<meta property=\"og:description\" content=\"REKISTERISELOSTE HENKIL\u00d6TIETOLAIN (523\/1999) 10\u00a7:N MUKAINEN REKISTERISELOSTE 1. Rekisterin pit\u00e4j\u00e4Luova Helsinki Oy (aputoiminimi Luova Digital)P\u00e4lk\u00e4neentie 19 A, 00510 Helsinki, info@luovadigital.com 2. Yhteyshenkil\u00f6 rekisteri\u00e4 koskevissa asioissaKim Takala050-5241721kim@luovadigital.com 3. Rekisterin nimiLuova Helsingin asiakasrekisteri 4. Henkil\u00f6tietojen k\u00e4sittelyn tarkoitusHenkil\u00f6tietoja k\u00e4sitell\u00e4\u00e4n seuraavia tarkoituksia varten, n\u00e4ihin kuitenkaan tyhjent\u00e4v\u00e4sti rajoittumatta: myynnin ja markkinoinnin toimenpiteet, joiden tarkoituksena on uusasiakashankinta, olemassa olevien asiakassuhteiden hoito, yrityksen [&hellip;]\" \/>\n<meta property=\"og:url\" content=\"https:\/\/luovadigital.com\/en\/rekisteriseloste\/\" \/>\n<meta property=\"og:site_name\" content=\"Luova Digital\" \/>\n<meta property=\"article:modified_time\" content=\"2021-03-09T09:31:24+00:00\" \/>\n<meta name=\"twitter:card\" content=\"summary_large_image\" \/>\n<meta name=\"twitter:label1\" content=\"Est. reading time\" \/>\n\t<meta name=\"twitter:data1\" content=\"2 minutes\" \/>\n<script type=\"application\/ld+json\" class=\"yoast-schema-graph\">{\"@context\":\"https:\/\/schema.org\",\"@graph\":[{\"@type\":\"WebPage\",\"@id\":\"https:\/\/luovadigital.com\/rekisteriseloste\/\",\"url\":\"https:\/\/luovadigital.com\/rekisteriseloste\/\",\"name\":\"Rekisteriseloste - Luova Digital\",\"isPartOf\":{\"@id\":\"https:\/\/luovadigital.com\/#website\"},\"datePublished\":\"2020-04-08T16:18:14+00:00\",\"dateModified\":\"2021-03-09T09:31:24+00:00\",\"breadcrumb\":{\"@id\":\"https:\/\/luovadigital.com\/rekisteriseloste\/#breadcrumb\"},\"inLanguage\":\"en-US\",\"potentialAction\":[{\"@type\":\"ReadAction\",\"target\":[\"https:\/\/luovadigital.com\/rekisteriseloste\/\"]}]},{\"@type\":\"BreadcrumbList\",\"@id\":\"https:\/\/luovadigital.com\/rekisteriseloste\/#breadcrumb\",\"itemListElement\":[{\"@type\":\"ListItem\",\"position\":1,\"name\":\"Home\",\"item\":\"https:\/\/luovadigital.com\/\"},{\"@type\":\"ListItem\",\"position\":2,\"name\":\"Rekisteriseloste\"}]},{\"@type\":\"WebSite\",\"@id\":\"https:\/\/luovadigital.com\/#website\",\"url\":\"https:\/\/luovadigital.com\/\",\"name\":\"Luova Digital\",\"description\":\"\",\"potentialAction\":[{\"@type\":\"SearchAction\",\"target\":{\"@type\":\"EntryPoint\",\"urlTemplate\":\"https:\/\/luovadigital.com\/?s={search_term_string}\"},\"query-input\":\"required name=search_term_string\"}],\"inLanguage\":\"en-US\"}]}<\/script>\n<!-- \/ Yoast SEO plugin. -->","yoast_head_json":{"title":"Rekisteriseloste - Luova Digital","robots":{"index":"index","follow":"follow","max-snippet":"max-snippet:-1","max-image-preview":"max-image-preview:large","max-video-preview":"max-video-preview:-1"},"canonical":"https:\/\/luovadigital.com\/en\/rekisteriseloste\/","og_locale":"en_US","og_type":"article","og_title":"Rekisteriseloste - Luova Digital","og_description":"REKISTERISELOSTE HENKIL\u00d6TIETOLAIN (523\/1999) 10\u00a7:N MUKAINEN REKISTERISELOSTE 1. Rekisterin pit\u00e4j\u00e4Luova Helsinki Oy (aputoiminimi Luova Digital)P\u00e4lk\u00e4neentie 19 A, 00510 Helsinki, info@luovadigital.com 2. Yhteyshenkil\u00f6 rekisteri\u00e4 koskevissa asioissaKim Takala050-5241721kim@luovadigital.com 3. Rekisterin nimiLuova Helsingin asiakasrekisteri 4. Henkil\u00f6tietojen k\u00e4sittelyn tarkoitusHenkil\u00f6tietoja k\u00e4sitell\u00e4\u00e4n seuraavia tarkoituksia varten, n\u00e4ihin kuitenkaan tyhjent\u00e4v\u00e4sti rajoittumatta: myynnin ja markkinoinnin toimenpiteet, joiden tarkoituksena on uusasiakashankinta, olemassa olevien asiakassuhteiden hoito, yrityksen [&hellip;]","og_url":"https:\/\/luovadigital.com\/en\/rekisteriseloste\/","og_site_name":"Luova Digital","article_modified_time":"2021-03-09T09:31:24+00:00","twitter_card":"summary_large_image","twitter_misc":{"Est. reading time":"2 minutes"},"schema":{"@context":"https:\/\/schema.org","@graph":[{"@type":"WebPage","@id":"https:\/\/luovadigital.com\/rekisteriseloste\/","url":"https:\/\/luovadigital.com\/rekisteriseloste\/","name":"Rekisteriseloste - Luova Digital","isPartOf":{"@id":"https:\/\/luovadigital.com\/#website"},"datePublished":"2020-04-08T16:18:14+00:00","dateModified":"2021-03-09T09:31:24+00:00","breadcrumb":{"@id":"https:\/\/luovadigital.com\/rekisteriseloste\/#breadcrumb"},"inLanguage":"en-US","potentialAction":[{"@type":"ReadAction","target":["https:\/\/luovadigital.com\/rekisteriseloste\/"]}]},{"@type":"BreadcrumbList","@id":"https:\/\/luovadigital.com\/rekisteriseloste\/#breadcrumb","itemListElement":[{"@type":"ListItem","position":1,"name":"Home","item":"https:\/\/luovadigital.com\/"},{"@type":"ListItem","position":2,"name":"Rekisteriseloste"}]},{"@type":"WebSite","@id":"https:\/\/luovadigital.com\/#website","url":"https:\/\/luovadigital.com\/","name":"Luova Digital","description":"","potentialAction":[{"@type":"SearchAction","target":{"@type":"EntryPoint","urlTemplate":"https:\/\/luovadigital.com\/?s={search_term_string}"},"query-input":"required name=search_term_string"}],"inLanguage":"en-US"}]}},"_links":{"self":[{"href":"https:\/\/luovadigital.com\/en\/wp-json\/wp\/v2\/pages\/500"}],"collection":[{"href":"https:\/\/luovadigital.com\/en\/wp-json\/wp\/v2\/pages"}],"about":[{"href":"https:\/\/luovadigital.com\/en\/wp-json\/wp\/v2\/types\/page"}],"author":[{"embeddable":true,"href":"https:\/\/luovadigital.com\/en\/wp-json\/wp\/v2\/users\/1"}],"replies":[{"embeddable":true,"href":"https:\/\/luovadigital.com\/en\/wp-json\/wp\/v2\/comments?post=500"}],"version-history":[{"count":11,"href":"https:\/\/luovadigital.com\/en\/wp-json\/wp\/v2\/pages\/500\/revisions"}],"predecessor-version":[{"id":590,"href":"https:\/\/luovadigital.com\/en\/wp-json\/wp\/v2\/pages\/500\/revisions\/590"}],"wp:attachment":[{"href":"https:\/\/luovadigital.com\/en\/wp-json\/wp\/v2\/media?parent=500"}],"curies":[{"name":"wp","href":"https:\/\/api.w.org\/{rel}","templated":true}]}}