{"id":9,"date":"2020-04-05T19:27:33","date_gmt":"2020-04-05T16:27:33","guid":{"rendered":"https:\/\/luovadigital.com\/?page_id=9"},"modified":"2024-02-06T11:41:28","modified_gmt":"2024-02-06T09:41:28","slug":"etusivu","status":"publish","type":"page","link":"https:\/\/luovadigital.com\/en\/","title":{"rendered":"<p>Home<\/p>"},"content":{"rendered":"<div data-elementor-type=\"wp-page\" data-elementor-id=\"9\" class=\"elementor elementor-9\">\n\t\t\t\t\t\t<section class=\"elementor-section elementor-top-section elementor-element elementor-element-0779959 elementor-section-height-min-height elementor-section-content-middle elementor-section-full_width elementor-section-height-default elementor-section-items-middle\" data-id=\"0779959\" data-element_type=\"section\" data-settings='{\"background_background\":\"classic\"}'>\n\t\t\t\t\t\t\t<div class=\"elementor-background-overlay\"><\/div>\n\t\t\t\t\t\t\t<div class=\"elementor-container elementor-column-gap-default\">\n\t\t\t\t\t<div class=\"elementor-column elementor-col-100 elementor-top-column elementor-element elementor-element-cb13c5e animated-slow elementor-invisible\" data-id=\"cb13c5e\" data-element_type=\"column\" data-settings='{\"background_background\":\"classic\",\"animation\":\"zoomIn\",\"animation_delay\":100}'>\n\t\t\t<div class=\"elementor-widget-wrap elementor-element-populated\">\n\t\t\t\t\t\t<section class=\"elementor-section elementor-inner-section elementor-element elementor-element-5deb9a1 elementor-section-full_width elementor-section-height-min-height elementor-section-height-default\" data-id=\"5deb9a1\" data-element_type=\"section\" data-settings='{\"background_background\":\"classic\"}'>\n\t\t\t\t\t\t<div class=\"elementor-container elementor-column-gap-default\">\n\t\t\t\t\t<div class=\"elementor-column elementor-col-100 elementor-inner-column elementor-element elementor-element-bb6d8bf\" data-id=\"bb6d8bf\" data-element_type=\"column\" data-settings='{\"background_background\":\"classic\"}'>\n\t\t\t<div class=\"elementor-widget-wrap elementor-element-populated\">\n\t\t\t\t\t\t<div class=\"elementor-element elementor-element-f60fbb0 elementor-widget__width-initial animated-slow elementor-invisible elementor-widget elementor-widget-heading\" data-id=\"f60fbb0\" data-element_type=\"widget\" data-settings='{\"_animation\":\"fadeInDown\",\"_animation_delay\":200}' data-widget_type=\"heading.default\">\n\t\t\t\t<div class=\"elementor-widget-container\">\n\t\t\t<h2 class=\"elementor-heading-title elementor-size-default\">Des<\/h2>\t\t<\/div>\n\t\t\t\t<\/div>\n\t\t\t\t<div class=\"elementor-element elementor-element-98229f9 elementor-widget__width-initial elementor-invisible elementor-widget elementor-widget-heading\" data-id=\"98229f9\" data-element_type=\"widget\" data-settings='{\"_animation\":\"fadeInUp\",\"_animation_delay\":400}' data-widget_type=\"heading.default\">\n\t\t\t\t<div class=\"elementor-widget-container\">\n\t\t\t<h2 class=\"elementor-heading-title elementor-size-default\">ign<\/h2>\t\t<\/div>\n\t\t\t\t<\/div>\n\t\t\t\t\t<\/div>\n\t\t<\/div>\n\t\t\t\t\t<\/div>\n\t\t<\/section>\n\t\t\t\t<section class=\"elementor-section elementor-inner-section elementor-element elementor-element-25eded3 elementor-section-full_width elementor-section-height-default elementor-section-height-default\" data-id=\"25eded3\" data-element_type=\"section\">\n\t\t\t\t\t\t<div class=\"elementor-container elementor-column-gap-default\">\n\t\t\t\t\t<div class=\"elementor-column elementor-col-100 elementor-inner-column elementor-element elementor-element-60f1077\" data-id=\"60f1077\" data-element_type=\"column\" data-settings='{\"animation\":\"none\"}'>\n\t\t\t<div class=\"elementor-widget-wrap elementor-element-populated\">\n\t\t\t\t\t\t<div class=\"elementor-element elementor-element-84f0dcf animated-slow elementor-widget__width-initial elementor-invisible elementor-widget elementor-widget-text-editor\" data-id=\"84f0dcf\" data-element_type=\"widget\" data-settings='{\"_animation\":\"fadeInUp\",\"_animation_delay\":400}' data-widget_type=\"text-editor.default\">\n\t\t\t\t<div class=\"elementor-widget-container\">\n\t\t\t\t\t\t\t<p><strong>Agency Luova Digital<\/strong> makes websites, Logo &amp; corporate identity, campaigns, company videos and <strong>everything you need to elevate your brand to next level.<\/strong><\/p>\t\t\t\t\t\t<\/div>\n\t\t\t\t<\/div>\n\t\t\t\t<div class=\"elementor-element elementor-element-3086511 animated-slow elementor-widget-divider--view-line elementor-invisible elementor-widget elementor-widget-divider\" data-id=\"3086511\" data-element_type=\"widget\" data-settings='{\"_animation\":\"zoomIn\",\"_animation_delay\":1800}' data-widget_type=\"divider.default\">\n\t\t\t\t<div class=\"elementor-widget-container\">\n\t\t\t\t\t<div class=\"elementor-divider\">\n\t\t\t<span class=\"elementor-divider-separator\">\n\t\t\t\t\t\t<\/span>\n\t\t<\/div>\n\t\t\t\t<\/div>\n\t\t\t\t<\/div>\n\t\t\t\t\t<\/div>\n\t\t<\/div>\n\t\t\t\t\t<\/div>\n\t\t<\/section>\n\t\t\t\t<div class=\"elementor-element elementor-element-b496d46 elementor-align-center elementor-widget__width-initial elementor-widget elementor-widget-button\" data-id=\"b496d46\" data-element_type=\"widget\" data-widget_type=\"button.default\">\n\t\t\t\t<div class=\"elementor-widget-container\">\n\t\t\t\t\t<div class=\"elementor-button-wrapper\">\n\t\t\t<a class=\"elementor-button elementor-button-link elementor-size-xl\" href=\"#miten\">\n\t\t\t\t\t\t<span class=\"elementor-button-content-wrapper\">\n\t\t\t\t\t\t<span class=\"elementor-button-icon elementor-align-icon-left\">\n\t\t\t\t<i aria-hidden=\"true\" class=\"fas fa-chevron-down\"><\/i>\t\t\t<\/span>\n\t\t\t\t\t\t<span class=\"elementor-button-text\"><\/span>\n\t\t<\/span>\n\t\t\t\t\t<\/a>\n\t\t<\/div>\n\t\t\t\t<\/div>\n\t\t\t\t<\/div>\n\t\t\t\t\t<\/div>\n\t\t<\/div>\n\t\t\t\t\t<\/div>\n\t\t<\/section>\n\t\t\t\t<section class=\"elementor-section elementor-top-section elementor-element elementor-element-aa34049 elementor-section-full_width elementor-section-height-min-height elementor-reverse-mobile elementor-section-height-default elementor-section-items-middle\" data-id=\"aa34049\" data-element_type=\"section\" id=\"miten\" data-settings='{\"background_background\":\"classic\"}'>\n\t\t\t\t\t\t<div class=\"elementor-container elementor-column-gap-default\">\n\t\t\t\t\t<div class=\"elementor-column elementor-col-100 elementor-top-column elementor-element elementor-element-6e2e907\" data-id=\"6e2e907\" data-element_type=\"column\">\n\t\t\t<div class=\"elementor-widget-wrap elementor-element-populated\">\n\t\t\t\t\t\t<div class=\"elementor-element elementor-element-49bc0a3 elementor-widget elementor-widget-spacer\" data-id=\"49bc0a3\" data-element_type=\"widget\" data-widget_type=\"spacer.default\">\n\t\t\t\t<div class=\"elementor-widget-container\">\n\t\t\t\t\t<div class=\"elementor-spacer\">\n\t\t\t<div class=\"elementor-spacer-inner\"><\/div>\n\t\t<\/div>\n\t\t\t\t<\/div>\n\t\t\t\t<\/div>\n\t\t\t\t<section class=\"elementor-section elementor-inner-section elementor-element elementor-element-f30d512 elementor-section-boxed elementor-section-height-default elementor-section-height-default\" data-id=\"f30d512\" data-element_type=\"section\">\n\t\t\t\t\t\t<div class=\"elementor-container elementor-column-gap-extended\">\n\t\t\t\t\t<div class=\"elementor-column elementor-col-50 elementor-inner-column elementor-element elementor-element-324f333\" data-id=\"324f333\" data-element_type=\"column\">\n\t\t\t<div class=\"elementor-widget-wrap elementor-element-populated\">\n\t\t\t\t\t\t<div class=\"elementor-element elementor-element-8e532ec elementor-widget elementor-widget-image\" data-id=\"8e532ec\" data-element_type=\"widget\" data-widget_type=\"image.default\">\n\t\t\t\t<div class=\"elementor-widget-container\">\n\t\t\t\t\t\t\t\t\t\t\t\t\t<img decoding=\"async\" width=\"86\" height=\"86\" src=\"https:\/\/luovadigital.com\/wp-content\/uploads\/2020\/04\/d_ball_3.svg\" class=\"attachment-large size-large wp-image-238\" alt=\"\">\t\t\t\t\t\t\t\t\t\t\t\t\t<\/div>\n\t\t\t\t<\/div>\n\t\t\t\t\t<\/div>\n\t\t<\/div>\n\t\t\t\t<div class=\"elementor-column elementor-col-50 elementor-inner-column elementor-element elementor-element-00c173f\" data-id=\"00c173f\" data-element_type=\"column\">\n\t\t\t<div class=\"elementor-widget-wrap elementor-element-populated\">\n\t\t\t\t\t\t<div class=\"elementor-element elementor-element-0ce0aff elementor-widget__width-initial elementor-widget elementor-widget-heading\" data-id=\"0ce0aff\" data-element_type=\"widget\" data-widget_type=\"heading.default\">\n\t\t\t\t<div class=\"elementor-widget-container\">\n\t\t\t<h2 class=\"elementor-heading-title elementor-size-default\">How Luova Digital can help your company?<\/h2>\t\t<\/div>\n\t\t\t\t<\/div>\n\t\t\t\t<div class=\"elementor-element elementor-element-02d8c63 elementor-widget__width-initial elementor-widget elementor-widget-text-editor\" data-id=\"02d8c63\" data-element_type=\"widget\" data-widget_type=\"text-editor.default\">\n\t\t\t\t<div class=\"elementor-widget-container\">\n\t\t\t\t\t\t\t<p>Competition is hard and in today\u2019s fast-paced and ever-changing market environment, making a positive first impression is vital. Your brand\u2019s visual appearance is one of the key components when competing for target groups\u2019 attention. Bad visual design has a direct impact on the success of your business.<\/p><p>Luova Digital can help your company by designing a unique and interesting visual look for your marketing. This can be done for the whole brand or specific campaigns. Our services include logos, corporate videos, business cards, web pages and roll ups etc. Take your brand to the next level today!<\/p>\t\t\t\t\t\t<\/div>\n\t\t\t\t<\/div>\n\t\t\t\t\t<\/div>\n\t\t<\/div>\n\t\t\t\t\t<\/div>\n\t\t<\/section>\n\t\t\t\t<section class=\"elementor-section elementor-inner-section elementor-element elementor-element-f20f534 elementor-section-height-min-height elementor-section-content-middle elementor-section-boxed elementor-section-height-default\" data-id=\"f20f534\" data-element_type=\"section\">\n\t\t\t\t\t\t<div class=\"elementor-container elementor-column-gap-default\">\n\t\t\t\t\t<div class=\"elementor-column elementor-col-100 elementor-inner-column elementor-element elementor-element-07b3787\" data-id=\"07b3787\" data-element_type=\"column\">\n\t\t\t<div class=\"elementor-widget-wrap elementor-element-populated\">\n\t\t\t\t\t\t<div class=\"elementor-element elementor-element-407d837 elementor-align-center elementor-widget elementor-widget-button\" data-id=\"407d837\" data-element_type=\"widget\" data-widget_type=\"button.default\">\n\t\t\t\t<div class=\"elementor-widget-container\">\n\t\t\t\t\t<div class=\"elementor-button-wrapper\">\n\t\t\t<a class=\"elementor-button elementor-button-link elementor-size-md\" href=\"https:\/\/luovadigital.com\/en\/contact\/\">\n\t\t\t\t\t\t<span class=\"elementor-button-content-wrapper\">\n\t\t\t\t\t\t<span class=\"elementor-button-text\">Ask for a quote<\/span>\n\t\t<\/span>\n\t\t\t\t\t<\/a>\n\t\t<\/div>\n\t\t\t\t<\/div>\n\t\t\t\t<\/div>\n\t\t\t\t\t<\/div>\n\t\t<\/div>\n\t\t\t\t\t<\/div>\n\t\t<\/section>\n\t\t\t\t\t<\/div>\n\t\t<\/div>\n\t\t\t\t\t<\/div>\n\t\t<\/section>\n\t\t\t\t<\/div>","protected":false},"excerpt":{"rendered":"<p>Des ign Toimisto Luova Digital suunnittelee verkkosivut, logon &amp; yritysilmeen, mainoskampanjat,&nbsp; yritysvideot ja kaiken muun mill&auml; nostat br&auml;ndisi seuraavalle tasolle. Miten Luova Digital voi auttaa yrityst&auml;si? Kilpailu on kovaa nykyp&auml;iv&auml;n nopealiikkeisess&auml; markkinointiymp&auml;rist&ouml;ss&auml;, joten hyv&auml;n ensivaikutelman luominen on elint&auml;rke&auml;&auml;. Br&auml;ndisi on yksi ratkaisevista tekij&ouml;ist&auml;, kun kilpaillaan kohderyhmien huomiosta. Huonot visuaalisen suunnittelun valinnat vaikuttavat suoraan yrityksesi menestykseen. [&hellip;]<\/p>","protected":false},"author":1,"featured_media":584,"parent":0,"menu_order":0,"comment_status":"closed","ping_status":"closed","template":"elementor_header_footer","meta":{"footnotes":""},"yoast_head":"<!-- This site is optimized with the Yoast SEO plugin v22.0 - https:\/\/yoast.com\/wordpress\/plugins\/seo\/ -->\n<title>Etusivu - Luova Digital<\/title>\n<meta name=\"robots\" content=\"index, follow, max-snippet:-1, max-image-preview:large, max-video-preview:-1\" \/>\n<link rel=\"canonical\" href=\"https:\/\/luovadigital.com\/en\/\" \/>\n<meta property=\"og:locale\" content=\"en_US\" \/>\n<meta property=\"og:type\" content=\"article\" \/>\n<meta property=\"og:title\" content=\"Etusivu - Luova Digital\" \/>\n<meta property=\"og:description\" content=\"Des ign Toimisto Luova Digital suunnittelee verkkosivut, logon &amp; yritysilmeen, mainoskampanjat,&nbsp; yritysvideot ja kaiken muun mill\u00e4 nostat br\u00e4ndisi seuraavalle tasolle. Miten Luova Digital voi auttaa yrityst\u00e4si? Kilpailu on kovaa nykyp\u00e4iv\u00e4n nopealiikkeisess\u00e4 markkinointiymp\u00e4rist\u00f6ss\u00e4, joten hyv\u00e4n ensivaikutelman luominen on elint\u00e4rke\u00e4\u00e4. Br\u00e4ndisi on yksi ratkaisevista tekij\u00f6ist\u00e4, kun kilpaillaan kohderyhmien huomiosta. Huonot visuaalisen suunnittelun valinnat vaikuttavat suoraan yrityksesi menestykseen. [&hellip;]\" \/>\n<meta property=\"og:url\" content=\"https:\/\/luovadigital.com\/en\/\" \/>\n<meta property=\"og:site_name\" content=\"Luova Digital\" \/>\n<meta property=\"article:modified_time\" content=\"2024-02-06T09:41:28+00:00\" \/>\n<meta property=\"og:image\" content=\"https:\/\/luovadigital.com\/wp-content\/uploads\/2020\/04\/front_1.png\" \/>\n\t<meta property=\"og:image:width\" content=\"1200\" \/>\n\t<meta property=\"og:image:height\" content=\"1000\" \/>\n\t<meta property=\"og:image:type\" content=\"image\/png\" \/>\n<meta name=\"twitter:card\" content=\"summary_large_image\" \/>\n<meta name=\"twitter:label1\" content=\"Est. reading time\" \/>\n\t<meta name=\"twitter:data1\" content=\"1 minute\" \/>\n<script type=\"application\/ld+json\" class=\"yoast-schema-graph\">{\"@context\":\"https:\/\/schema.org\",\"@graph\":[{\"@type\":\"WebPage\",\"@id\":\"https:\/\/luovadigital.com\/\",\"url\":\"https:\/\/luovadigital.com\/\",\"name\":\"Etusivu - Luova Digital\",\"isPartOf\":{\"@id\":\"https:\/\/luovadigital.com\/#website\"},\"datePublished\":\"2020-04-05T16:27:33+00:00\",\"dateModified\":\"2024-02-06T09:41:28+00:00\",\"breadcrumb\":{\"@id\":\"https:\/\/luovadigital.com\/#breadcrumb\"},\"inLanguage\":\"en-US\",\"potentialAction\":[{\"@type\":\"ReadAction\",\"target\":[\"https:\/\/luovadigital.com\/\"]}]},{\"@type\":\"BreadcrumbList\",\"@id\":\"https:\/\/luovadigital.com\/#breadcrumb\",\"itemListElement\":[{\"@type\":\"ListItem\",\"position\":1,\"name\":\"Home\",\"item\":\"https:\/\/luovadigital.com\/\"},{\"@type\":\"ListItem\",\"position\":2,\"name\":\"Etusivu\"}]},{\"@type\":\"WebSite\",\"@id\":\"https:\/\/luovadigital.com\/#website\",\"url\":\"https:\/\/luovadigital.com\/\",\"name\":\"Luova Digital\",\"description\":\"\",\"potentialAction\":[{\"@type\":\"SearchAction\",\"target\":{\"@type\":\"EntryPoint\",\"urlTemplate\":\"https:\/\/luovadigital.com\/?s={search_term_string}\"},\"query-input\":\"required name=search_term_string\"}],\"inLanguage\":\"en-US\"}]}<\/script>\n<!-- \/ Yoast SEO plugin. -->","yoast_head_json":{"title":"Etusivu - Luova Digital","robots":{"index":"index","follow":"follow","max-snippet":"max-snippet:-1","max-image-preview":"max-image-preview:large","max-video-preview":"max-video-preview:-1"},"canonical":"https:\/\/luovadigital.com\/en\/","og_locale":"en_US","og_type":"article","og_title":"Etusivu - Luova Digital","og_description":"Des ign Toimisto Luova Digital suunnittelee verkkosivut, logon &amp; yritysilmeen, mainoskampanjat,&nbsp; yritysvideot ja kaiken muun mill\u00e4 nostat br\u00e4ndisi seuraavalle tasolle. Miten Luova Digital voi auttaa yrityst\u00e4si? Kilpailu on kovaa nykyp\u00e4iv\u00e4n nopealiikkeisess\u00e4 markkinointiymp\u00e4rist\u00f6ss\u00e4, joten hyv\u00e4n ensivaikutelman luominen on elint\u00e4rke\u00e4\u00e4. Br\u00e4ndisi on yksi ratkaisevista tekij\u00f6ist\u00e4, kun kilpaillaan kohderyhmien huomiosta. Huonot visuaalisen suunnittelun valinnat vaikuttavat suoraan yrityksesi menestykseen. [&hellip;]","og_url":"https:\/\/luovadigital.com\/en\/","og_site_name":"Luova Digital","article_modified_time":"2024-02-06T09:41:28+00:00","og_image":[{"width":1200,"height":1000,"url":"https:\/\/luovadigital.com\/wp-content\/uploads\/2020\/04\/front_1.png","type":"image\/png"}],"twitter_card":"summary_large_image","twitter_misc":{"Est. reading time":"1 minute"},"schema":{"@context":"https:\/\/schema.org","@graph":[{"@type":"WebPage","@id":"https:\/\/luovadigital.com\/","url":"https:\/\/luovadigital.com\/","name":"Etusivu - Luova Digital","isPartOf":{"@id":"https:\/\/luovadigital.com\/#website"},"datePublished":"2020-04-05T16:27:33+00:00","dateModified":"2024-02-06T09:41:28+00:00","breadcrumb":{"@id":"https:\/\/luovadigital.com\/#breadcrumb"},"inLanguage":"en-US","potentialAction":[{"@type":"ReadAction","target":["https:\/\/luovadigital.com\/"]}]},{"@type":"BreadcrumbList","@id":"https:\/\/luovadigital.com\/#breadcrumb","itemListElement":[{"@type":"ListItem","position":1,"name":"Home","item":"https:\/\/luovadigital.com\/"},{"@type":"ListItem","position":2,"name":"Etusivu"}]},{"@type":"WebSite","@id":"https:\/\/luovadigital.com\/#website","url":"https:\/\/luovadigital.com\/","name":"Luova Digital","description":"","potentialAction":[{"@type":"SearchAction","target":{"@type":"EntryPoint","urlTemplate":"https:\/\/luovadigital.com\/?s={search_term_string}"},"query-input":"required name=search_term_string"}],"inLanguage":"en-US"}]}},"_links":{"self":[{"href":"https:\/\/luovadigital.com\/en\/wp-json\/wp\/v2\/pages\/9"}],"collection":[{"href":"https:\/\/luovadigital.com\/en\/wp-json\/wp\/v2\/pages"}],"about":[{"href":"https:\/\/luovadigital.com\/en\/wp-json\/wp\/v2\/types\/page"}],"author":[{"embeddable":true,"href":"https:\/\/luovadigital.com\/en\/wp-json\/wp\/v2\/users\/1"}],"replies":[{"embeddable":true,"href":"https:\/\/luovadigital.com\/en\/wp-json\/wp\/v2\/comments?post=9"}],"version-history":[{"count":15,"href":"https:\/\/luovadigital.com\/en\/wp-json\/wp\/v2\/pages\/9\/revisions"}],"predecessor-version":[{"id":636,"href":"https:\/\/luovadigital.com\/en\/wp-json\/wp\/v2\/pages\/9\/revisions\/636"}],"wp:featuredmedia":[{"embeddable":true,"href":"https:\/\/luovadigital.com\/en\/wp-json\/wp\/v2\/media\/584"}],"wp:attachment":[{"href":"https:\/\/luovadigital.com\/en\/wp-json\/wp\/v2\/media?parent=9"}],"curies":[{"name":"wp","href":"https:\/\/api.w.org\/{rel}","templated":true}]}}